{"id":2985,"date":"2018-05-29T11:18:03","date_gmt":"2018-05-29T11:18:03","guid":{"rendered":"https:\/\/dev.welocalize.com\/?page_id=2985"},"modified":"2020-04-23T17:08:57","modified_gmt":"2020-04-23T17:08:57","slug":"nota-legale","status":"publish","type":"page","link":"https:\/\/dev.welocalize.com\/it\/nota-legale\/","title":{"rendered":"Informativa legale"},"content":{"rendered":"<h6 style=\"color: #c8c9c7;font-size: 14px\">INFORMATIVA: SI PREGA DI LEGGERE ATTENTAMENTE LE PRESENTI CONDIZIONI GENERALI. ACCEDENDO AL PRESENTE SITO E ALLE PAGINE IN ESSO CONTENUTE, L\u2019UTENTE ACCETTA DI RISPETTARE I TERMINI E LE CONDIZIONI GENERALI RIPORTATI DI SEGUITO. QUALORA L&#8217;UTENTE NON ACCETTI TALI CONDIZIONI GENERALI, NON DEVE ACCEDERE A QUESTO SITO O ALLE PAGINE IN ESSO CONTENUTE. COPYRIGHT \u00a9 WELOCALIZE 2001 \u2013 2018. TUTTI I DIRITTI RISERVATI.<\/h6>\n<p><strong>DIRITTI PROPRIETARI<\/strong><\/p>\n<p>Tutti i contenuti del Sito sono tutelati dalle leggi e dalle disposizioni dei trattati statunitensi e internazionali in materia di diritto d\u2019autore. Il materiale pubblicato nel presente sito web \u00e8 di propriet\u00e0 intellettuale di Welocalize. Tutti i diritti sono riservati. \u00c8 vietata la riproduzione del materiale pubblicato nel presente sito web senza la specifica autorizzazione scritta di Welocalize, fatto salvo l\u2019uso corretto previsto dalla legge statunitense sul diritto d\u2019autore, che consente la riproduzione di brevi parti di contenuto a scopo non commerciale, ad esempio nelle valutazioni di prodotti o in pubblicazioni accademiche. \u00c8 consentita, previa autorizzazione, la riproduzione di materiale protetto da diritti d\u2019autore appartenente a terze parti.<\/p>\n<p><strong>ACCESSO AD AREE PROTETTE DA PASSWORD<\/strong><\/p>\n<p>L\u2019accesso alle aree protette da password del Sito e il relativo utilizzo sono consentiti esclusivamente agli utenti autorizzati. Gli utenti non autorizzati che effettuano tentativi di accesso a queste aree del Sito sono perseguibili penalmente. \u00c8 responsabilit\u00e0 dell\u2019utente mantenere la riservatezza della password che gli \u00e8 stata fornita per accedere al Sito. L\u2019utente \u00e8 inoltre pienamente responsabile di tutte le attivit\u00e0 eseguite utilizzando tale password. L\u2019utente ha l\u2019obbligo di segnalare immediatamente qualsiasi utilizzo non autorizzato della propria password a Welocalize e di effettuare la disconnessione dal proprio account subito dopo aver utilizzato il Sito.<\/p>\n<p><strong>TUTELA DELLA PRIVACY<\/strong><\/p>\n<p>Welocalize adotta un\u2019Informativa sulla privacy volta a tutelare i dati personali dell\u2019utente conferiti dallo stesso. Si prega di consultare questo documento prima di fornirci qualsiasi dato personale tramite il Sito. Invitiamo l\u2019utente a leggere la nostra &lt;a href=&#8221;https:\/\/dev.welocalize.com\/privacy-policy\/&#8221;&gt;Informativa sulla privacy&lt;\/a&gt;.<\/p>\n<p><strong>UTILIZZO DELLE INFORMAZIONI E DEI CONTENUTI<\/strong><\/p>\n<p>Le informazioni e i contenuti presenti in queste pagine, nonch\u00e9 i termini, le condizioni e le descrizioni in esse pubblicati sono soggetti a modifica. Sono severamente proibiti l\u2019utilizzo non autorizzato dei siti Web e dei sistemi di Welocalize, inclusi, a mero titolo esemplificativo, gli accessi non consentiti ai sistemi di Welocalize, l\u2019uso improprio delle password o l\u2019uso illecito di informazioni pubblicate in un sito. Non tutti i prodotti e i servizi sono disponibili in tutte le aree geografiche. Welocalize si riserva il diritto di confermare o meno l\u2019idoneit\u00e0 dell&#8217;utente in relazione all\u2019utilizzo di un determinato prodotto o servizio.<\/p>\n<p><strong>LINK<\/strong><\/p>\n<p>QUESTO SITO PU\u00d2 CONTENTERE LINK A SITI WEB CONTROLLATI O OFFERTI DA TERZE PARTI (SOCIET\u00c0 NON AFFILIATE A WELOCALIZE O DA ESSA CONTROLLATE). CON LE PRESENTI CONDIZIONI, WELOCALIZE DECLINA OGNI RESPONSABILIT\u00c0 RELATIVA A QUALSIASI INFORMAZIONE, MATERIALE, PRODOTTO O SERVIZIO PUBBLICATI OD OFFERTI SUI SITI DI TERZE PARTI E COLLEGATI A QUESTO SITO WEB. CON LA CREAZIONE DI UN LINK A UN SITO WEB DI TERZE PARTI, WELOCALIZE NON INTENDE PROMUOVERE O CONSIGLIARE I PRODOTTI O I SERVIZI OFFERTI O LE INFORMAZIONI CONTENUTE IN TALE SITO WEB. WELOCALIZE DECLINA INOLTRE OGNI RESPONSABILIT\u00c0 RELATIVA AL MANCATO O INCORRETTO FUNZIONAMENTO DI PRODOTTI O SERVIZI OFFERTI O COMMERCIALIZZATI SUI SITI DI TERZE PARTI. \u00c8 POSSIBILE CHE LA TERZA PARTE IN QUESTIONE DISPONGA DI UN\u2019INFORMATIVA SULLA PRIVACY DIVERSA DA QUELLA DI WELOCALIZE E CHE IL SUO SITO OFFRA UNA GARANZIA INFERIORE RISPETTO AL SITO DI WELOCALIZE.<\/p>\n<p><strong>ASSENZA DI GARANZIA<\/strong><\/p>\n<p>LE INFORMAZIONI E I MATERIALI CONTENUTI IN QUESTO SITO, INCLUSI IL TESTO, LA GRAFICA, I LINK O ELEMENTI DI ALTRO TIPO SONO FORNITI \u201cCOS\u00cc COME SONO\u201d. WELOCALIZE NON GARANTISCE L&#8217;ACCURATEZZA, L\u2019ADEGUATEZZA O LA COMPLETEZZA DI TALI INFORMAZIONI E MATERIALI E DECLINA ESPRESSAMENTE OGNI RESPONSABILIT\u00c0 RELATIVA A ERRORI OD OMISSIONI IVI CONTENUTI. WELOCALIZE NON RICONOSCE ALCUNA GARANZIA, SIA ESSA ESPRESSA, IMPLICITA O A NORMA DI VIGENTE, RELATIVAMENTE A QUALSIASI INFORMAZIONE E CONTENUTO, INCLUSE, A MERO TITOLO ESEMPLIFICATIVO, LE GARANZIE DI NON VIOLAZIONE DEI DIRITTI DI PROPRIET\u00c0 DI TERZE PARTI, TITOLARIT\u00c0, COMMERCIABILIT\u00c0, IDONEIT\u00c0 PER UNO SCOPO SPECIFICO E ASSENZA DI VIRUS INFORMATICI.<\/p>\n<p><strong>LIMITAZIONE DI RESPONSABILIT\u00c0<\/strong><\/p>\n<p>IN NESSUN CASO WELOCALIZE SAR\u00c0 RITENUTA RESPONSABILE DI EVENTUALI DANNI, INCLUSI, A MERO TITOLO ESEMPLIFICATIVO, DANNI DIRETTI O INDIRETTI, SPECIALI, INCIDENTALI O CONSEQUENZIALI O DI PERDITE DI PROFITTO O SPESE DERIVANTI DA QUESTO SITO, O DA SITI A ESSO COLLEGATI, O LEGATE AL SUO UTILIZZO OPPURE DERIVANTI DA MALFUNZIONAMENTI, ERRORI, OMISSIONI, INTERRUZIONI, DIFETTI, RITARDI OPERATIVI O DI TRASMISSIONE, VIRUS INFORMATICI O ERRORI DI SISTEMA O INFORMATICI ANCHE NELL&#8217;EVENTUALIT\u00c0 IN CUI WELOCALIZE, O I SUOI AGENTI SIANO STATI INFORMATI DELL&#8217;EVENTUALIT\u00c0 DI TALI DANNI, PERDITE O SPESE.<\/p>\n<p><strong>DISPONIBILIT\u00c0<\/strong><\/p>\n<p>La distribuzione o l&#8217;utilizzo di questo sito non \u00e8 destinato ad alcuna persona fisica o giuridica di alcuna giurisdizione o alcun Paese in cui tale distribuzione o utilizzo sia vietato da leggi o normative locali.<\/p>\n<p><strong>CONDIZIONI AGGIUNTIVE<\/strong><\/p>\n<p>Alcune sezioni o pagine del presente sito possono contenere altre condizioni generali, che vengono applicate in aggiunta ai presenti termini e presenti. In caso di conflitto, si applicheranno i termini e le condizioni generali aggiuntive relativi a tali sezioni o pagine.<\/p>\n<p><strong>LEGGE APPLICABILE<\/strong><\/p>\n<p>Tutte le questioni inerenti all\u2019accesso o all\u2019utilizzo del presente Sito da parte dell\u2019utente saranno disciplinate in conformit\u00e0 alla legge federale statunitense o alle leggi dello Stato del Maryland. Qualsiasi azione o procedimento legale attinente all\u2019accesso o all\u2019utilizzo del Sito da parte dell\u2019utente dovr\u00e0 essere intentata presso un tribunale statale o federale nella contea di Frederick, Stato del Maryland. L\u2019utente e Welocalize accettano pertanto di attenersi alla giurisdizione, cos\u00ec come al foro di competenza, di tali tribunali in caso di azioni o procedimenti legali.<\/p>\n<p>Tutti i diritti non espressamente riconosciuti nel presente documento sono riservati. Tutti i contenuti protetti da Copyright \u00a9 2001-2018 Welocalize, Inc. Tutti i diritti riservati.<\/p>\n","protected":false},"excerpt":{"rendered":"<p>INFORMATIVA: SI PREGA DI LEGGERE ATTENTAMENTE LE PRESENTI CONDIZIONI GENERALI. ACCEDENDO AL PRESENTE SITO E ALLE PAGINE IN ESSO CONTENUTE, L\u2019UTENTE ACCETTA DI RISPETTARE I TERMINI E LE CONDIZIONI GENERALI RIPORTATI DI SEGUITO. QUALORA L&#8217;UTENTE NON ACCETTI TALI CONDIZIONI GENERALI, NON DEVE ACCEDERE A QUESTO SITO O ALLE PAGINE IN ESSO CONTENUTE. COPYRIGHT \u00a9 WELOCALIZE&#8230;<\/p>\n","protected":false},"author":2,"featured_media":0,"parent":0,"menu_order":0,"comment_status":"closed","ping_status":"closed","template":"","meta":{"footnotes":""},"class_list":["post-2985","page","type-page","status-publish","hentry"],"acf":[],"yoast_head":"<!-- This site is optimized with the Yoast SEO Premium plugin v19.0.1 (Yoast SEO v24.3) - https:\/\/yoast.com\/wordpress\/plugins\/seo\/ -->\n<title>Informativa legale di Welocalize<\/title>\n<meta name=\"description\" content=\"Leggere con attenzione le presenti condizioni generali. Accedendo a questo sito e alle pagine in esso contenute, l&#039;utente accetta di rispettare le condizioni generali riportate di seguito.\" \/>\n<meta name=\"robots\" content=\"noindex, follow\" \/>\n<meta property=\"og:locale\" content=\"it_IT\" \/>\n<meta property=\"og:type\" content=\"article\" \/>\n<meta property=\"og:title\" content=\"Informativa legale\" \/>\n<meta property=\"og:description\" content=\"Leggere con attenzione le presenti condizioni generali. Accedendo a questo sito e alle pagine in esso contenute, l&#039;utente accetta di rispettare le condizioni generali riportate di seguito.\" \/>\n<meta property=\"og:url\" content=\"https:\/\/dev.welocalize.com\/it\/nota-legale\/\" \/>\n<meta property=\"og:site_name\" content=\"Welocalize\" \/>\n<meta property=\"article:publisher\" content=\"https:\/\/www.facebook.com\/Welocalize\/\" \/>\n<meta property=\"article:modified_time\" content=\"2020-04-23T17:08:57+00:00\" \/>\n<meta name=\"twitter:card\" content=\"summary_large_image\" \/>\n<meta name=\"twitter:site\" content=\"@Welocalize\" \/>\n<meta name=\"twitter:label1\" content=\"Tempo di lettura stimato\" \/>\n\t<meta name=\"twitter:data1\" content=\"5 minuti\" \/>\n<script type=\"application\/ld+json\" class=\"yoast-schema-graph\">{\"@context\":\"https:\/\/schema.org\",\"@graph\":[{\"@type\":\"WebPage\",\"@id\":\"https:\/\/dev.welocalize.com\/it\/nota-legale\/\",\"url\":\"https:\/\/dev.welocalize.com\/it\/nota-legale\/\",\"name\":\"Informativa legale di Welocalize\",\"isPartOf\":{\"@id\":\"https:\/\/dev.welocalize.com\/it\/#website\"},\"datePublished\":\"2018-05-29T11:18:03+00:00\",\"dateModified\":\"2020-04-23T17:08:57+00:00\",\"description\":\"Leggere con attenzione le presenti condizioni generali. Accedendo a questo sito e alle pagine in esso contenute, l'utente accetta di rispettare le condizioni generali riportate di seguito.\",\"breadcrumb\":{\"@id\":\"https:\/\/dev.welocalize.com\/it\/nota-legale\/#breadcrumb\"},\"inLanguage\":\"it-IT\",\"potentialAction\":[{\"@type\":\"ReadAction\",\"target\":[\"https:\/\/dev.welocalize.com\/it\/nota-legale\/\"]}]},{\"@type\":\"BreadcrumbList\",\"@id\":\"https:\/\/dev.welocalize.com\/it\/nota-legale\/#breadcrumb\",\"itemListElement\":[{\"@type\":\"ListItem\",\"position\":1,\"name\":\"Home\",\"item\":\"https:\/\/dev.welocalize.com\/it\/\"},{\"@type\":\"ListItem\",\"position\":2,\"name\":\"Informativa legale\"}]},{\"@type\":\"WebSite\",\"@id\":\"https:\/\/dev.welocalize.com\/it\/#website\",\"url\":\"https:\/\/dev.welocalize.com\/it\/\",\"name\":\"Welocalize\",\"description\":\"\",\"potentialAction\":[{\"@type\":\"SearchAction\",\"target\":{\"@type\":\"EntryPoint\",\"urlTemplate\":\"https:\/\/dev.welocalize.com\/it\/?s={search_term_string}\"},\"query-input\":{\"@type\":\"PropertyValueSpecification\",\"valueRequired\":true,\"valueName\":\"search_term_string\"}}],\"inLanguage\":\"it-IT\"}]}<\/script>\n<!-- \/ Yoast SEO Premium plugin. -->","yoast_head_json":{"title":"Informativa legale di Welocalize","description":"Leggere con attenzione le presenti condizioni generali. Accedendo a questo sito e alle pagine in esso contenute, l'utente accetta di rispettare le condizioni generali riportate di seguito.","robots":{"index":"noindex","follow":"follow"},"og_locale":"it_IT","og_type":"article","og_title":"Informativa legale","og_description":"Leggere con attenzione le presenti condizioni generali. Accedendo a questo sito e alle pagine in esso contenute, l'utente accetta di rispettare le condizioni generali riportate di seguito.","og_url":"https:\/\/dev.welocalize.com\/it\/nota-legale\/","og_site_name":"Welocalize","article_publisher":"https:\/\/www.facebook.com\/Welocalize\/","article_modified_time":"2020-04-23T17:08:57+00:00","twitter_card":"summary_large_image","twitter_site":"@Welocalize","twitter_misc":{"Tempo di lettura stimato":"5 minuti"},"schema":{"@context":"https:\/\/schema.org","@graph":[{"@type":"WebPage","@id":"https:\/\/dev.welocalize.com\/it\/nota-legale\/","url":"https:\/\/dev.welocalize.com\/it\/nota-legale\/","name":"Informativa legale di Welocalize","isPartOf":{"@id":"https:\/\/dev.welocalize.com\/it\/#website"},"datePublished":"2018-05-29T11:18:03+00:00","dateModified":"2020-04-23T17:08:57+00:00","description":"Leggere con attenzione le presenti condizioni generali. Accedendo a questo sito e alle pagine in esso contenute, l'utente accetta di rispettare le condizioni generali riportate di seguito.","breadcrumb":{"@id":"https:\/\/dev.welocalize.com\/it\/nota-legale\/#breadcrumb"},"inLanguage":"it-IT","potentialAction":[{"@type":"ReadAction","target":["https:\/\/dev.welocalize.com\/it\/nota-legale\/"]}]},{"@type":"BreadcrumbList","@id":"https:\/\/dev.welocalize.com\/it\/nota-legale\/#breadcrumb","itemListElement":[{"@type":"ListItem","position":1,"name":"Home","item":"https:\/\/dev.welocalize.com\/it\/"},{"@type":"ListItem","position":2,"name":"Informativa legale"}]},{"@type":"WebSite","@id":"https:\/\/dev.welocalize.com\/it\/#website","url":"https:\/\/dev.welocalize.com\/it\/","name":"Welocalize","description":"","potentialAction":[{"@type":"SearchAction","target":{"@type":"EntryPoint","urlTemplate":"https:\/\/dev.welocalize.com\/it\/?s={search_term_string}"},"query-input":{"@type":"PropertyValueSpecification","valueRequired":true,"valueName":"search_term_string"}}],"inLanguage":"it-IT"}]}},"_links":{"self":[{"href":"https:\/\/dev.welocalize.com\/it\/wp-json\/wp\/v2\/pages\/2985","targetHints":{"allow":["GET"]}}],"collection":[{"href":"https:\/\/dev.welocalize.com\/it\/wp-json\/wp\/v2\/pages"}],"about":[{"href":"https:\/\/dev.welocalize.com\/it\/wp-json\/wp\/v2\/types\/page"}],"author":[{"embeddable":true,"href":"https:\/\/dev.welocalize.com\/it\/wp-json\/wp\/v2\/users\/2"}],"replies":[{"embeddable":true,"href":"https:\/\/dev.welocalize.com\/it\/wp-json\/wp\/v2\/comments?post=2985"}],"version-history":[{"count":6,"href":"https:\/\/dev.welocalize.com\/it\/wp-json\/wp\/v2\/pages\/2985\/revisions"}],"predecessor-version":[{"id":14539,"href":"https:\/\/dev.welocalize.com\/it\/wp-json\/wp\/v2\/pages\/2985\/revisions\/14539"}],"wp:attachment":[{"href":"https:\/\/dev.welocalize.com\/it\/wp-json\/wp\/v2\/media?parent=2985"}],"curies":[{"name":"wp","href":"https:\/\/api.w.org\/{rel}","templated":true}]}}