{"id":2526,"date":"2018-04-19T20:14:00","date_gmt":"2018-04-19T20:14:00","guid":{"rendered":"https:\/\/dev.welocalize.com\/la-nostra-azienda\/opportunita-lavorative-e-community-di-professionisti\/"},"modified":"2020-04-24T01:38:21","modified_gmt":"2020-04-24T01:38:21","slug":"opportunita-lavorative-e-community-di-professionisti","status":"publish","type":"page","link":"https:\/\/dev.welocalize.com\/it\/la-nostra-azienda\/opportunita-lavorative-e-community-di-professionisti\/","title":{"rendered":"Opportunit\u00e0 lavorative e community di professionisti"},"content":{"rendered":"","protected":false},"excerpt":{"rendered":"","protected":false},"author":2,"featured_media":0,"parent":2525,"menu_order":3,"comment_status":"closed","ping_status":"closed","template":"page-templates\/content-module.php","meta":{"footnotes":""},"class_list":["post-2526","page","type-page","status-publish","hentry"],"acf":[],"yoast_head":"<!-- This site is optimized with the Yoast SEO Premium plugin v19.0.1 (Yoast SEO v24.3) - https:\/\/yoast.com\/wordpress\/plugins\/seo\/ -->\n<title>Scopri le opportunit\u00e0 lavorative e la community di professionisti di Welocalize<\/title>\n<meta name=\"description\" content=\"La missione di Welocalize di consentire ai membri del team di realizzare appieno le proprie potenzialit\u00e0 e quelle dell&#039;azienda \u00e8 ci\u00f2 che rende la nostra societ\u00e0 eccezionale e le assicura il ruolo di brand maggiormente rispettato, fidato e che favorisce la migliore collaborazione in tutto il settore. Inizia subito la tua carriera in Welocalize.\" \/>\n<meta name=\"robots\" content=\"noindex, follow\" \/>\n<meta property=\"og:locale\" content=\"it_IT\" \/>\n<meta property=\"og:type\" content=\"article\" \/>\n<meta property=\"og:title\" content=\"Opportunit\u00e0 lavorative e community di professionisti\" \/>\n<meta property=\"og:description\" content=\"La missione di Welocalize di consentire ai membri del team di realizzare appieno le proprie potenzialit\u00e0 e quelle dell&#039;azienda \u00e8 ci\u00f2 che rende la nostra societ\u00e0 eccezionale e le assicura il ruolo di brand maggiormente rispettato, fidato e che favorisce la migliore collaborazione in tutto il settore. Inizia subito la tua carriera in Welocalize.\" \/>\n<meta property=\"og:url\" content=\"https:\/\/dev.welocalize.com\/it\/la-nostra-azienda\/opportunita-lavorative-e-community-di-professionisti\/\" \/>\n<meta property=\"og:site_name\" content=\"Welocalize\" \/>\n<meta property=\"article:publisher\" content=\"https:\/\/www.facebook.com\/Welocalize\/\" \/>\n<meta property=\"article:modified_time\" content=\"2020-04-24T01:38:21+00:00\" \/>\n<meta name=\"twitter:card\" content=\"summary_large_image\" \/>\n<meta name=\"twitter:site\" content=\"@Welocalize\" \/>\n<script type=\"application\/ld+json\" class=\"yoast-schema-graph\">{\"@context\":\"https:\/\/schema.org\",\"@graph\":[{\"@type\":\"WebPage\",\"@id\":\"https:\/\/dev.welocalize.com\/it\/la-nostra-azienda\/opportunita-lavorative-e-community-di-professionisti\/\",\"url\":\"https:\/\/dev.welocalize.com\/it\/la-nostra-azienda\/opportunita-lavorative-e-community-di-professionisti\/\",\"name\":\"Scopri le opportunit\u00e0 lavorative e la community di professionisti di Welocalize\",\"isPartOf\":{\"@id\":\"https:\/\/dev.welocalize.com\/it\/#website\"},\"datePublished\":\"2018-04-19T20:14:00+00:00\",\"dateModified\":\"2020-04-24T01:38:21+00:00\",\"description\":\"La missione di Welocalize di consentire ai membri del team di realizzare appieno le proprie potenzialit\u00e0 e quelle dell'azienda \u00e8 ci\u00f2 che rende la nostra societ\u00e0 eccezionale e le assicura il ruolo di brand maggiormente rispettato, fidato e che favorisce la migliore collaborazione in tutto il settore. Inizia subito la tua carriera in Welocalize.\",\"breadcrumb\":{\"@id\":\"https:\/\/dev.welocalize.com\/it\/la-nostra-azienda\/opportunita-lavorative-e-community-di-professionisti\/#breadcrumb\"},\"inLanguage\":\"it-IT\",\"potentialAction\":[{\"@type\":\"ReadAction\",\"target\":[\"https:\/\/dev.welocalize.com\/it\/la-nostra-azienda\/opportunita-lavorative-e-community-di-professionisti\/\"]}]},{\"@type\":\"BreadcrumbList\",\"@id\":\"https:\/\/dev.welocalize.com\/it\/la-nostra-azienda\/opportunita-lavorative-e-community-di-professionisti\/#breadcrumb\",\"itemListElement\":[{\"@type\":\"ListItem\",\"position\":1,\"name\":\"Home\",\"item\":\"https:\/\/dev.welocalize.com\/it\/\"},{\"@type\":\"ListItem\",\"position\":2,\"name\":\"La nostra azienda\",\"item\":\"https:\/\/dev.welocalize.com\/it\/la-nostra-azienda\/\"},{\"@type\":\"ListItem\",\"position\":3,\"name\":\"Opportunit\u00e0 lavorative e community di professionisti\"}]},{\"@type\":\"WebSite\",\"@id\":\"https:\/\/dev.welocalize.com\/it\/#website\",\"url\":\"https:\/\/dev.welocalize.com\/it\/\",\"name\":\"Welocalize\",\"description\":\"\",\"potentialAction\":[{\"@type\":\"SearchAction\",\"target\":{\"@type\":\"EntryPoint\",\"urlTemplate\":\"https:\/\/dev.welocalize.com\/it\/?s={search_term_string}\"},\"query-input\":{\"@type\":\"PropertyValueSpecification\",\"valueRequired\":true,\"valueName\":\"search_term_string\"}}],\"inLanguage\":\"it-IT\"}]}<\/script>\n<!-- \/ Yoast SEO Premium plugin. -->","yoast_head_json":{"title":"Scopri le opportunit\u00e0 lavorative e la community di professionisti di Welocalize","description":"La missione di Welocalize di consentire ai membri del team di realizzare appieno le proprie potenzialit\u00e0 e quelle dell'azienda \u00e8 ci\u00f2 che rende la nostra societ\u00e0 eccezionale e le assicura il ruolo di brand maggiormente rispettato, fidato e che favorisce la migliore collaborazione in tutto il settore. Inizia subito la tua carriera in Welocalize.","robots":{"index":"noindex","follow":"follow"},"og_locale":"it_IT","og_type":"article","og_title":"Opportunit\u00e0 lavorative e community di professionisti","og_description":"La missione di Welocalize di consentire ai membri del team di realizzare appieno le proprie potenzialit\u00e0 e quelle dell'azienda \u00e8 ci\u00f2 che rende la nostra societ\u00e0 eccezionale e le assicura il ruolo di brand maggiormente rispettato, fidato e che favorisce la migliore collaborazione in tutto il settore. Inizia subito la tua carriera in Welocalize.","og_url":"https:\/\/dev.welocalize.com\/it\/la-nostra-azienda\/opportunita-lavorative-e-community-di-professionisti\/","og_site_name":"Welocalize","article_publisher":"https:\/\/www.facebook.com\/Welocalize\/","article_modified_time":"2020-04-24T01:38:21+00:00","twitter_card":"summary_large_image","twitter_site":"@Welocalize","schema":{"@context":"https:\/\/schema.org","@graph":[{"@type":"WebPage","@id":"https:\/\/dev.welocalize.com\/it\/la-nostra-azienda\/opportunita-lavorative-e-community-di-professionisti\/","url":"https:\/\/dev.welocalize.com\/it\/la-nostra-azienda\/opportunita-lavorative-e-community-di-professionisti\/","name":"Scopri le opportunit\u00e0 lavorative e la community di professionisti di Welocalize","isPartOf":{"@id":"https:\/\/dev.welocalize.com\/it\/#website"},"datePublished":"2018-04-19T20:14:00+00:00","dateModified":"2020-04-24T01:38:21+00:00","description":"La missione di Welocalize di consentire ai membri del team di realizzare appieno le proprie potenzialit\u00e0 e quelle dell'azienda \u00e8 ci\u00f2 che rende la nostra societ\u00e0 eccezionale e le assicura il ruolo di brand maggiormente rispettato, fidato e che favorisce la migliore collaborazione in tutto il settore. Inizia subito la tua carriera in Welocalize.","breadcrumb":{"@id":"https:\/\/dev.welocalize.com\/it\/la-nostra-azienda\/opportunita-lavorative-e-community-di-professionisti\/#breadcrumb"},"inLanguage":"it-IT","potentialAction":[{"@type":"ReadAction","target":["https:\/\/dev.welocalize.com\/it\/la-nostra-azienda\/opportunita-lavorative-e-community-di-professionisti\/"]}]},{"@type":"BreadcrumbList","@id":"https:\/\/dev.welocalize.com\/it\/la-nostra-azienda\/opportunita-lavorative-e-community-di-professionisti\/#breadcrumb","itemListElement":[{"@type":"ListItem","position":1,"name":"Home","item":"https:\/\/dev.welocalize.com\/it\/"},{"@type":"ListItem","position":2,"name":"La nostra azienda","item":"https:\/\/dev.welocalize.com\/it\/la-nostra-azienda\/"},{"@type":"ListItem","position":3,"name":"Opportunit\u00e0 lavorative e community di professionisti"}]},{"@type":"WebSite","@id":"https:\/\/dev.welocalize.com\/it\/#website","url":"https:\/\/dev.welocalize.com\/it\/","name":"Welocalize","description":"","potentialAction":[{"@type":"SearchAction","target":{"@type":"EntryPoint","urlTemplate":"https:\/\/dev.welocalize.com\/it\/?s={search_term_string}"},"query-input":{"@type":"PropertyValueSpecification","valueRequired":true,"valueName":"search_term_string"}}],"inLanguage":"it-IT"}]}},"_links":{"self":[{"href":"https:\/\/dev.welocalize.com\/it\/wp-json\/wp\/v2\/pages\/2526","targetHints":{"allow":["GET"]}}],"collection":[{"href":"https:\/\/dev.welocalize.com\/it\/wp-json\/wp\/v2\/pages"}],"about":[{"href":"https:\/\/dev.welocalize.com\/it\/wp-json\/wp\/v2\/types\/page"}],"author":[{"embeddable":true,"href":"https:\/\/dev.welocalize.com\/it\/wp-json\/wp\/v2\/users\/2"}],"replies":[{"embeddable":true,"href":"https:\/\/dev.welocalize.com\/it\/wp-json\/wp\/v2\/comments?post=2526"}],"version-history":[{"count":2,"href":"https:\/\/dev.welocalize.com\/it\/wp-json\/wp\/v2\/pages\/2526\/revisions"}],"predecessor-version":[{"id":2544,"href":"https:\/\/dev.welocalize.com\/it\/wp-json\/wp\/v2\/pages\/2526\/revisions\/2544"}],"up":[{"embeddable":true,"href":"https:\/\/dev.welocalize.com\/it\/wp-json\/wp\/v2\/pages\/2525"}],"wp:attachment":[{"href":"https:\/\/dev.welocalize.com\/it\/wp-json\/wp\/v2\/media?parent=2526"}],"curies":[{"name":"wp","href":"https:\/\/api.w.org\/{rel}","templated":true}]}}