{"id":2950,"date":"2018-05-29T09:41:36","date_gmt":"2018-05-29T09:41:36","guid":{"rendered":"https:\/\/dev.welocalize.com\/?page_id=2950"},"modified":"2020-04-23T17:09:00","modified_gmt":"2020-04-23T17:09:00","slug":"declaration-de-confidentialite","status":"publish","type":"page","link":"https:\/\/dev.welocalize.com\/fr\/declaration-de-confidentialite\/","title":{"rendered":"Politique de confidentialit\u00e9"},"content":{"rendered":"<h6 style=\"color: #c8c9c7;font-size: 14px\">Pour Welocalize, la confidentialit\u00e9 est essentielle. Nous nous effor\u00e7ons de prot\u00e9ger vos donn\u00e9es personnelles. Pour vous fournir un service de meilleure qualit\u00e9, nous devons nous assurer que vous connaissez et comprenez la politique de confidentialit\u00e9 qui s\u2019applique aux clients de Welocalize. Prenez le temps de lire les dispositions suivantes, de sorte \u00e0 savoir comment nous traitons vos donn\u00e9es \u00e0 caract\u00e8re personnel.<\/h6>\n<p><strong>Pourquoi nous collectons des donn\u00e9es \u00e0 caract\u00e8re personnel<br \/>\n<\/strong><br \/>\nLe nom, la fonction et les coordonn\u00e9es professionnelles g\u00e9n\u00e9rales (t\u00e9l\u00e9phone professionnel, adresse e-mail et autres coordonn\u00e9es relatives aux r\u00e9seaux sociaux) sont autant de Donn\u00e9es \u00e0 caract\u00e8re personnel. Welocalize collecte et utilise ces Donn\u00e9es \u00e0 caract\u00e8re personnel vous concernant pour \u00eatre en mesure de vous offrir un meilleur service client, mais aussi pour faciliter l\u2019acc\u00e8s \u00e0 nos services et solutions, et vous fournir une gamme d\u2019informations Welocalize plus \u00e9tendue. Vos Donn\u00e9es \u00e0 caract\u00e8re personnel nous permettent \u00e9galement de vous informer des derni\u00e8res nouveaut\u00e9s relatives aux services, des offres sp\u00e9ciales et des \u00e9v\u00e9nements qui peuvent vous \u00eatre utiles. Occasionnellement, cela peut inclure des informations sur des produits et des services susceptibles d\u2019apporter une valeur ajout\u00e9e \u00e0 votre strat\u00e9gie d\u2019internationalisation. Nous pouvons ponctuellement \u00eatre amen\u00e9s \u00e0 utiliser vos Donn\u00e9es \u00e0 caract\u00e8re personnel pour vous contacter et vous demander de participer \u00e0 une \u00e9tude de march\u00e9, afin d\u2019\u00e9valuer la satisfaction de nos clients et d\u2019am\u00e9liorer nos services et nos solutions.<\/p>\n<p><strong>Comment nous collectons des donn\u00e9es \u00e0 caract\u00e8re personnel<\/strong><\/p>\n<p>Welocalize collecte des Donn\u00e9es \u00e0 caract\u00e8re personnel de la mani\u00e8re suivante\u00a0:<\/p>\n<ul style=\"font-size: 14px\">\n<li>lorsque vous nous contactez en compl\u00e9tant un formulaire sur notre site\u00a0Web<\/li>\n<li>lorsque vous nous contactez pour demander des informations, poser des questions ou formuler des demandes<\/li>\n<li>lorsque vous r\u00e9pondez \u00e0 un questionnaire en ligne<\/li>\n<li>lorsque vous demandez \u00e0 \u00eatre inclus dans une liste de diffusion par e-mail<\/li>\n<\/ul>\n<p>Nous stockons les informations que vous nous fournissez dans des bases de donn\u00e9es CRM s\u00e9curis\u00e9es propos\u00e9es par des fournisseurs tiers\u00a0:<\/p>\n<ul style=\"font-size: 14px\">\n<li>Marketo<\/li>\n<li>Pardot<\/li>\n<li>Salesforce<\/li>\n<li>SurveyMonkey<\/li>\n<\/ul>\n<p><strong>Quand nous divulguons des donn\u00e9es \u00e0 caract\u00e8re personnel<\/strong><\/p>\n<p>La loi, ou toute proc\u00e9dure judiciaire, peut ponctuellement nous imposer de divulguer vos Donn\u00e9es \u00e0 caract\u00e8re personnel. Hormis ces cas de figure, si nous avons l\u2019intention d\u2019utiliser vos Donn\u00e9es \u00e0 caract\u00e8re personnel de toute autre mani\u00e8re que celle indiqu\u00e9e au moment de la collecte, nous tenterons de vous contacter par e-mail en utilisant les informations les plus r\u00e9centes dont nous disposons. Si nous n\u2019avons pas re\u00e7u d\u2019autorisation de votre part pour communiquer avec vous, vous ne serez pas contact\u00e9, et nous n\u2019utiliserons pas vos Donn\u00e9es \u00e0 caract\u00e8re personnel autrement que conform\u00e9ment \u00e0 l\u2019objectif initial.<\/p>\n<p><strong>Comment nous prot\u00e9geons vos donn\u00e9es \u00e0 caract\u00e8re personnel<\/strong><\/p>\n<p>Welocalize met en \u0153uvre des proc\u00e9dures physiques, \u00e9lectroniques et de gestion pour assurer la s\u00e9curit\u00e9 des donn\u00e9es que vous nous envoyez. Nous vous encourageons vivement \u00e0 prendre toutes les pr\u00e9cautions possibles pour prot\u00e9ger vos donn\u00e9es \u00e0 caract\u00e8re personnel lorsque vous naviguez sur Internet. Changez r\u00e9guli\u00e8rement de mots de passe, en combinant des lettres et des chiffres, et assurez-vous d\u2019utiliser un navigateur s\u00e9curis\u00e9. Welocalize utilise le protocole standard du secteur, le chiffrement SSL (Secure Sockets Layer), sur toutes les pages Web o\u00f9 des donn\u00e9es \u00e0 caract\u00e8re personnel sont transmises. Lorsque vous utilisez un portail Welocalize, vous devez employer un navigateur compatible avec le protocole SSL. Cela prot\u00e8ge la confidentialit\u00e9 de vos Donn\u00e9es \u00e0 caract\u00e8re personnel lors de leur transmission sur Internet.<\/p>\n<p><strong>Consultation ou mise \u00e0 jour de vos donn\u00e9es \u00e0 caract\u00e8re personnel<\/strong><\/p>\n<p>Vous avez \u00e0 tout moment acc\u00e8s aux informations vous concernant dont nous disposons. Pour consulter, mettre \u00e0 jour ou supprimer vos Donn\u00e9es \u00e0 caract\u00e8re personnel des donn\u00e9es stock\u00e9es par Welocalize, veuillez envoyer une demande par e-mail \u00e0 <a href=\"mailto:gdpr@welocalize.com\">gdpr@welocalize.com<\/a><\/p>\n<p><strong>Collecte d\u2019autres donn\u00e9es \u00e0 caract\u00e8re personnel<br \/>\n<\/strong><br \/>\nVous pouvez explorer le site Web de Welocalize de fa\u00e7on enti\u00e8rement anonyme. En g\u00e9n\u00e9ral, pendant votre navigation sur notre site, nous ne collectons pas de Donn\u00e9es \u00e0 caract\u00e8re personnel, pas m\u00eame votre adresse e-mail. En revanche, le type de navigateur que vous utilisez est automatiquement enregistr\u00e9, ainsi que le pays \u00e0 partir duquel vous vous connectez.<\/p>\n<p>Comme de nombreux sites Web, celui de Welocalize emploie la technologie des \u00ab\u00a0cookies\u00a0\u00bb, qu\u2019ils soient provisoires (cookie de session) ou persistants. Les cookies que nous utilisons ne r\u00e9v\u00e8lent aucune Donn\u00e9e \u00e0 caract\u00e8re personnel vous concernant. Ces cookies nous aident \u00e0 comprendre quelles pages de nos sites Web sont les plus populaires, o\u00f9 vont les visiteurs, et combien de temps ils y restent. Nous utilisons cette technologie pour \u00e9tudier les sch\u00e9mas de fr\u00e9quentation sur notre site, de fa\u00e7on \u00e0 am\u00e9liorer le contenu, la navigation et l\u2019exp\u00e9rience utilisateur g\u00e9n\u00e9rale.<\/p>\n<p><strong>Engagement g\u00e9n\u00e9ral de l\u2019entreprise concernant la confidentialit\u00e9<br \/>\n<\/strong><br \/>\nPour garantir la confidentialit\u00e9 de vos Donn\u00e9es \u00e0 caract\u00e8re personnel, nous communiquons ces consignes en mati\u00e8re de confidentialit\u00e9 \u00e0 chaque employ\u00e9 de Welocalize.<\/p>\n<p>La politique de confidentialit\u00e9 de Welocalize est susceptible d\u2019\u00eatre modifi\u00e9e \u00e0 tout moment. Nous vous encourageons \u00e0 la consulter r\u00e9guli\u00e8rement pour prendre connaissance de tout changement.<\/p>\n","protected":false},"excerpt":{"rendered":"<p>Pour Welocalize, la confidentialit\u00e9 est essentielle. Nous nous effor\u00e7ons de prot\u00e9ger vos donn\u00e9es personnelles. Pour vous fournir un service de meilleure qualit\u00e9, nous devons nous assurer que vous connaissez et comprenez la politique de confidentialit\u00e9 qui s\u2019applique aux clients de Welocalize. Prenez le temps de lire les dispositions suivantes, de sorte \u00e0 savoir comment nous&#8230;<\/p>\n","protected":false},"author":2,"featured_media":0,"parent":0,"menu_order":0,"comment_status":"closed","ping_status":"closed","template":"","meta":{"footnotes":""},"class_list":["post-2950","page","type-page","status-publish","hentry"],"acf":[],"yoast_head":"<!-- This site is optimized with the Yoast SEO Premium plugin v19.0.1 (Yoast SEO v24.3) - https:\/\/yoast.com\/wordpress\/plugins\/seo\/ -->\n<title>Politique de confidentialit\u00e9 de Welocalize<\/title>\n<meta name=\"description\" content=\"Votre vie priv\u00e9e est importante et sa protection est essentielle \u00e0 nos yeux, c\u2019est pourquoi nous faisons le maximum pour que vos donn\u00e9es personnelles restent confidentielles. Prenez le temps de lire la politique de confidentialit\u00e9 relative aux clients de Welocalize\" \/>\n<meta name=\"robots\" content=\"noindex, follow\" \/>\n<meta property=\"og:locale\" content=\"fr_FR\" \/>\n<meta property=\"og:type\" content=\"article\" \/>\n<meta property=\"og:title\" content=\"Politique de confidentialit\u00e9\" \/>\n<meta property=\"og:description\" content=\"Votre vie priv\u00e9e est importante et sa protection est essentielle \u00e0 nos yeux, c\u2019est pourquoi nous faisons le maximum pour que vos donn\u00e9es personnelles restent confidentielles. Prenez le temps de lire la politique de confidentialit\u00e9 relative aux clients de Welocalize\" \/>\n<meta property=\"og:url\" content=\"https:\/\/dev.welocalize.com\/fr\/declaration-de-confidentialite\/\" \/>\n<meta property=\"og:site_name\" content=\"Welocalize\" \/>\n<meta property=\"article:publisher\" content=\"https:\/\/www.facebook.com\/Welocalize\/\" \/>\n<meta property=\"article:modified_time\" content=\"2020-04-23T17:09:00+00:00\" \/>\n<meta name=\"twitter:card\" content=\"summary_large_image\" \/>\n<meta name=\"twitter:site\" content=\"@Welocalize\" \/>\n<meta name=\"twitter:label1\" content=\"Dur\u00e9e de lecture estim\u00e9e\" \/>\n\t<meta name=\"twitter:data1\" content=\"4 minutes\" \/>\n<script type=\"application\/ld+json\" class=\"yoast-schema-graph\">{\"@context\":\"https:\/\/schema.org\",\"@graph\":[{\"@type\":\"WebPage\",\"@id\":\"https:\/\/dev.welocalize.com\/fr\/declaration-de-confidentialite\/\",\"url\":\"https:\/\/dev.welocalize.com\/fr\/declaration-de-confidentialite\/\",\"name\":\"Politique de confidentialit\u00e9 de Welocalize\",\"isPartOf\":{\"@id\":\"https:\/\/dev.welocalize.com\/fr\/#website\"},\"datePublished\":\"2018-05-29T09:41:36+00:00\",\"dateModified\":\"2020-04-23T17:09:00+00:00\",\"description\":\"Votre vie priv\u00e9e est importante et sa protection est essentielle \u00e0 nos yeux, c\u2019est pourquoi nous faisons le maximum pour que vos donn\u00e9es personnelles restent confidentielles. Prenez le temps de lire la politique de confidentialit\u00e9 relative aux clients de Welocalize\",\"breadcrumb\":{\"@id\":\"https:\/\/dev.welocalize.com\/fr\/declaration-de-confidentialite\/#breadcrumb\"},\"inLanguage\":\"fr-FR\",\"potentialAction\":[{\"@type\":\"ReadAction\",\"target\":[\"https:\/\/dev.welocalize.com\/fr\/declaration-de-confidentialite\/\"]}]},{\"@type\":\"BreadcrumbList\",\"@id\":\"https:\/\/dev.welocalize.com\/fr\/declaration-de-confidentialite\/#breadcrumb\",\"itemListElement\":[{\"@type\":\"ListItem\",\"position\":1,\"name\":\"Home\",\"item\":\"https:\/\/dev.welocalize.com\/fr\/\"},{\"@type\":\"ListItem\",\"position\":2,\"name\":\"Politique de confidentialit\u00e9\"}]},{\"@type\":\"WebSite\",\"@id\":\"https:\/\/dev.welocalize.com\/fr\/#website\",\"url\":\"https:\/\/dev.welocalize.com\/fr\/\",\"name\":\"Welocalize\",\"description\":\"\",\"potentialAction\":[{\"@type\":\"SearchAction\",\"target\":{\"@type\":\"EntryPoint\",\"urlTemplate\":\"https:\/\/dev.welocalize.com\/fr\/?s={search_term_string}\"},\"query-input\":{\"@type\":\"PropertyValueSpecification\",\"valueRequired\":true,\"valueName\":\"search_term_string\"}}],\"inLanguage\":\"fr-FR\"}]}<\/script>\n<!-- \/ Yoast SEO Premium plugin. -->","yoast_head_json":{"title":"Politique de confidentialit\u00e9 de Welocalize","description":"Votre vie priv\u00e9e est importante et sa protection est essentielle \u00e0 nos yeux, c\u2019est pourquoi nous faisons le maximum pour que vos donn\u00e9es personnelles restent confidentielles. Prenez le temps de lire la politique de confidentialit\u00e9 relative aux clients de Welocalize","robots":{"index":"noindex","follow":"follow"},"og_locale":"fr_FR","og_type":"article","og_title":"Politique de confidentialit\u00e9","og_description":"Votre vie priv\u00e9e est importante et sa protection est essentielle \u00e0 nos yeux, c\u2019est pourquoi nous faisons le maximum pour que vos donn\u00e9es personnelles restent confidentielles. Prenez le temps de lire la politique de confidentialit\u00e9 relative aux clients de Welocalize","og_url":"https:\/\/dev.welocalize.com\/fr\/declaration-de-confidentialite\/","og_site_name":"Welocalize","article_publisher":"https:\/\/www.facebook.com\/Welocalize\/","article_modified_time":"2020-04-23T17:09:00+00:00","twitter_card":"summary_large_image","twitter_site":"@Welocalize","twitter_misc":{"Dur\u00e9e de lecture estim\u00e9e":"4 minutes"},"schema":{"@context":"https:\/\/schema.org","@graph":[{"@type":"WebPage","@id":"https:\/\/dev.welocalize.com\/fr\/declaration-de-confidentialite\/","url":"https:\/\/dev.welocalize.com\/fr\/declaration-de-confidentialite\/","name":"Politique de confidentialit\u00e9 de Welocalize","isPartOf":{"@id":"https:\/\/dev.welocalize.com\/fr\/#website"},"datePublished":"2018-05-29T09:41:36+00:00","dateModified":"2020-04-23T17:09:00+00:00","description":"Votre vie priv\u00e9e est importante et sa protection est essentielle \u00e0 nos yeux, c\u2019est pourquoi nous faisons le maximum pour que vos donn\u00e9es personnelles restent confidentielles. Prenez le temps de lire la politique de confidentialit\u00e9 relative aux clients de Welocalize","breadcrumb":{"@id":"https:\/\/dev.welocalize.com\/fr\/declaration-de-confidentialite\/#breadcrumb"},"inLanguage":"fr-FR","potentialAction":[{"@type":"ReadAction","target":["https:\/\/dev.welocalize.com\/fr\/declaration-de-confidentialite\/"]}]},{"@type":"BreadcrumbList","@id":"https:\/\/dev.welocalize.com\/fr\/declaration-de-confidentialite\/#breadcrumb","itemListElement":[{"@type":"ListItem","position":1,"name":"Home","item":"https:\/\/dev.welocalize.com\/fr\/"},{"@type":"ListItem","position":2,"name":"Politique de confidentialit\u00e9"}]},{"@type":"WebSite","@id":"https:\/\/dev.welocalize.com\/fr\/#website","url":"https:\/\/dev.welocalize.com\/fr\/","name":"Welocalize","description":"","potentialAction":[{"@type":"SearchAction","target":{"@type":"EntryPoint","urlTemplate":"https:\/\/dev.welocalize.com\/fr\/?s={search_term_string}"},"query-input":{"@type":"PropertyValueSpecification","valueRequired":true,"valueName":"search_term_string"}}],"inLanguage":"fr-FR"}]}},"_links":{"self":[{"href":"https:\/\/dev.welocalize.com\/fr\/wp-json\/wp\/v2\/pages\/2950","targetHints":{"allow":["GET"]}}],"collection":[{"href":"https:\/\/dev.welocalize.com\/fr\/wp-json\/wp\/v2\/pages"}],"about":[{"href":"https:\/\/dev.welocalize.com\/fr\/wp-json\/wp\/v2\/types\/page"}],"author":[{"embeddable":true,"href":"https:\/\/dev.welocalize.com\/fr\/wp-json\/wp\/v2\/users\/2"}],"replies":[{"embeddable":true,"href":"https:\/\/dev.welocalize.com\/fr\/wp-json\/wp\/v2\/comments?post=2950"}],"version-history":[{"count":10,"href":"https:\/\/dev.welocalize.com\/fr\/wp-json\/wp\/v2\/pages\/2950\/revisions"}],"predecessor-version":[{"id":14545,"href":"https:\/\/dev.welocalize.com\/fr\/wp-json\/wp\/v2\/pages\/2950\/revisions\/14545"}],"wp:attachment":[{"href":"https:\/\/dev.welocalize.com\/fr\/wp-json\/wp\/v2\/media?parent=2950"}],"curies":[{"name":"wp","href":"https:\/\/api.w.org\/{rel}","templated":true}]}}