{"id":2584,"date":"2018-04-19T22:20:31","date_gmt":"2018-04-19T22:20:31","guid":{"rendered":"https:\/\/dev.welocalize.com\/notre-entreprise\/opportunites-professionnelles-et-communaute-de-talents\/"},"modified":"2020-04-23T17:09:07","modified_gmt":"2020-04-23T17:09:07","slug":"opportunites-professionnelles-et-communaute-de-talents","status":"publish","type":"page","link":"https:\/\/dev.welocalize.com\/fr\/notre-entreprise\/opportunites-professionnelles-et-communaute-de-talents\/","title":{"rendered":"Opportunit\u00e9s professionnelles et communaut\u00e9 de talents"},"content":{"rendered":"","protected":false},"excerpt":{"rendered":"","protected":false},"author":2,"featured_media":0,"parent":2583,"menu_order":3,"comment_status":"closed","ping_status":"closed","template":"page-templates\/content-module.php","meta":{"footnotes":""},"class_list":["post-2584","page","type-page","status-publish","hentry"],"acf":[],"yoast_head":"<!-- This site is optimized with the Yoast SEO Premium plugin v19.0.1 (Yoast SEO v24.3) - https:\/\/yoast.com\/wordpress\/plugins\/seo\/ -->\n<title>Voir les opportunit\u00e9s professionnelles et de communaut\u00e9 de talents<\/title>\n<meta name=\"description\" content=\"Permettre \u00e0 chacun de pleinement r\u00e9aliser son potentiel \u2013 et celui de l\u2019entreprise \u2013 pour faire de Welocalize une soci\u00e9t\u00e9 formidable, respect\u00e9e et reconnue comme fiable, un partenaire avec lequel la collaboration est fluide et fructueuse. C\u2019est l\u00e0 notre mission. Commencez d\u00e8s aujourd\u2019hui une carri\u00e8re chez Welocalize.\" \/>\n<meta name=\"robots\" content=\"noindex, follow\" \/>\n<meta property=\"og:locale\" content=\"fr_FR\" \/>\n<meta property=\"og:type\" content=\"article\" \/>\n<meta property=\"og:title\" content=\"Opportunit\u00e9s professionnelles et communaut\u00e9 de talents\" \/>\n<meta property=\"og:description\" content=\"Permettre \u00e0 chacun de pleinement r\u00e9aliser son potentiel \u2013 et celui de l\u2019entreprise \u2013 pour faire de Welocalize une soci\u00e9t\u00e9 formidable, respect\u00e9e et reconnue comme fiable, un partenaire avec lequel la collaboration est fluide et fructueuse. C\u2019est l\u00e0 notre mission. Commencez d\u00e8s aujourd\u2019hui une carri\u00e8re chez Welocalize.\" \/>\n<meta property=\"og:url\" content=\"https:\/\/dev.welocalize.com\/fr\/notre-entreprise\/opportunites-professionnelles-et-communaute-de-talents\/\" \/>\n<meta property=\"og:site_name\" content=\"Welocalize\" \/>\n<meta property=\"article:publisher\" content=\"https:\/\/www.facebook.com\/Welocalize\/\" \/>\n<meta property=\"article:modified_time\" content=\"2020-04-23T17:09:07+00:00\" \/>\n<meta name=\"twitter:card\" content=\"summary_large_image\" \/>\n<meta name=\"twitter:site\" content=\"@Welocalize\" \/>\n<script type=\"application\/ld+json\" class=\"yoast-schema-graph\">{\"@context\":\"https:\/\/schema.org\",\"@graph\":[{\"@type\":\"WebPage\",\"@id\":\"https:\/\/dev.welocalize.com\/fr\/notre-entreprise\/opportunites-professionnelles-et-communaute-de-talents\/\",\"url\":\"https:\/\/dev.welocalize.com\/fr\/notre-entreprise\/opportunites-professionnelles-et-communaute-de-talents\/\",\"name\":\"Voir les opportunit\u00e9s professionnelles et de communaut\u00e9 de talents\",\"isPartOf\":{\"@id\":\"https:\/\/dev.welocalize.com\/fr\/#website\"},\"datePublished\":\"2018-04-19T22:20:31+00:00\",\"dateModified\":\"2020-04-23T17:09:07+00:00\",\"description\":\"Permettre \u00e0 chacun de pleinement r\u00e9aliser son potentiel \u2013 et celui de l\u2019entreprise \u2013 pour faire de Welocalize une soci\u00e9t\u00e9 formidable, respect\u00e9e et reconnue comme fiable, un partenaire avec lequel la collaboration est fluide et fructueuse. C\u2019est l\u00e0 notre mission. Commencez d\u00e8s aujourd\u2019hui une carri\u00e8re chez Welocalize.\",\"breadcrumb\":{\"@id\":\"https:\/\/dev.welocalize.com\/fr\/notre-entreprise\/opportunites-professionnelles-et-communaute-de-talents\/#breadcrumb\"},\"inLanguage\":\"fr-FR\",\"potentialAction\":[{\"@type\":\"ReadAction\",\"target\":[\"https:\/\/dev.welocalize.com\/fr\/notre-entreprise\/opportunites-professionnelles-et-communaute-de-talents\/\"]}]},{\"@type\":\"BreadcrumbList\",\"@id\":\"https:\/\/dev.welocalize.com\/fr\/notre-entreprise\/opportunites-professionnelles-et-communaute-de-talents\/#breadcrumb\",\"itemListElement\":[{\"@type\":\"ListItem\",\"position\":1,\"name\":\"Home\",\"item\":\"https:\/\/dev.welocalize.com\/fr\/\"},{\"@type\":\"ListItem\",\"position\":2,\"name\":\"Notre entreprise\",\"item\":\"https:\/\/dev.welocalize.com\/fr\/notre-entreprise\/\"},{\"@type\":\"ListItem\",\"position\":3,\"name\":\"Opportunit\u00e9s professionnelles et communaut\u00e9 de talents\"}]},{\"@type\":\"WebSite\",\"@id\":\"https:\/\/dev.welocalize.com\/fr\/#website\",\"url\":\"https:\/\/dev.welocalize.com\/fr\/\",\"name\":\"Welocalize\",\"description\":\"\",\"potentialAction\":[{\"@type\":\"SearchAction\",\"target\":{\"@type\":\"EntryPoint\",\"urlTemplate\":\"https:\/\/dev.welocalize.com\/fr\/?s={search_term_string}\"},\"query-input\":{\"@type\":\"PropertyValueSpecification\",\"valueRequired\":true,\"valueName\":\"search_term_string\"}}],\"inLanguage\":\"fr-FR\"}]}<\/script>\n<!-- \/ Yoast SEO Premium plugin. -->","yoast_head_json":{"title":"Voir les opportunit\u00e9s professionnelles et de communaut\u00e9 de talents","description":"Permettre \u00e0 chacun de pleinement r\u00e9aliser son potentiel \u2013 et celui de l\u2019entreprise \u2013 pour faire de Welocalize une soci\u00e9t\u00e9 formidable, respect\u00e9e et reconnue comme fiable, un partenaire avec lequel la collaboration est fluide et fructueuse. C\u2019est l\u00e0 notre mission. Commencez d\u00e8s aujourd\u2019hui une carri\u00e8re chez Welocalize.","robots":{"index":"noindex","follow":"follow"},"og_locale":"fr_FR","og_type":"article","og_title":"Opportunit\u00e9s professionnelles et communaut\u00e9 de talents","og_description":"Permettre \u00e0 chacun de pleinement r\u00e9aliser son potentiel \u2013 et celui de l\u2019entreprise \u2013 pour faire de Welocalize une soci\u00e9t\u00e9 formidable, respect\u00e9e et reconnue comme fiable, un partenaire avec lequel la collaboration est fluide et fructueuse. C\u2019est l\u00e0 notre mission. Commencez d\u00e8s aujourd\u2019hui une carri\u00e8re chez Welocalize.","og_url":"https:\/\/dev.welocalize.com\/fr\/notre-entreprise\/opportunites-professionnelles-et-communaute-de-talents\/","og_site_name":"Welocalize","article_publisher":"https:\/\/www.facebook.com\/Welocalize\/","article_modified_time":"2020-04-23T17:09:07+00:00","twitter_card":"summary_large_image","twitter_site":"@Welocalize","schema":{"@context":"https:\/\/schema.org","@graph":[{"@type":"WebPage","@id":"https:\/\/dev.welocalize.com\/fr\/notre-entreprise\/opportunites-professionnelles-et-communaute-de-talents\/","url":"https:\/\/dev.welocalize.com\/fr\/notre-entreprise\/opportunites-professionnelles-et-communaute-de-talents\/","name":"Voir les opportunit\u00e9s professionnelles et de communaut\u00e9 de talents","isPartOf":{"@id":"https:\/\/dev.welocalize.com\/fr\/#website"},"datePublished":"2018-04-19T22:20:31+00:00","dateModified":"2020-04-23T17:09:07+00:00","description":"Permettre \u00e0 chacun de pleinement r\u00e9aliser son potentiel \u2013 et celui de l\u2019entreprise \u2013 pour faire de Welocalize une soci\u00e9t\u00e9 formidable, respect\u00e9e et reconnue comme fiable, un partenaire avec lequel la collaboration est fluide et fructueuse. C\u2019est l\u00e0 notre mission. Commencez d\u00e8s aujourd\u2019hui une carri\u00e8re chez Welocalize.","breadcrumb":{"@id":"https:\/\/dev.welocalize.com\/fr\/notre-entreprise\/opportunites-professionnelles-et-communaute-de-talents\/#breadcrumb"},"inLanguage":"fr-FR","potentialAction":[{"@type":"ReadAction","target":["https:\/\/dev.welocalize.com\/fr\/notre-entreprise\/opportunites-professionnelles-et-communaute-de-talents\/"]}]},{"@type":"BreadcrumbList","@id":"https:\/\/dev.welocalize.com\/fr\/notre-entreprise\/opportunites-professionnelles-et-communaute-de-talents\/#breadcrumb","itemListElement":[{"@type":"ListItem","position":1,"name":"Home","item":"https:\/\/dev.welocalize.com\/fr\/"},{"@type":"ListItem","position":2,"name":"Notre entreprise","item":"https:\/\/dev.welocalize.com\/fr\/notre-entreprise\/"},{"@type":"ListItem","position":3,"name":"Opportunit\u00e9s professionnelles et communaut\u00e9 de talents"}]},{"@type":"WebSite","@id":"https:\/\/dev.welocalize.com\/fr\/#website","url":"https:\/\/dev.welocalize.com\/fr\/","name":"Welocalize","description":"","potentialAction":[{"@type":"SearchAction","target":{"@type":"EntryPoint","urlTemplate":"https:\/\/dev.welocalize.com\/fr\/?s={search_term_string}"},"query-input":{"@type":"PropertyValueSpecification","valueRequired":true,"valueName":"search_term_string"}}],"inLanguage":"fr-FR"}]}},"_links":{"self":[{"href":"https:\/\/dev.welocalize.com\/fr\/wp-json\/wp\/v2\/pages\/2584","targetHints":{"allow":["GET"]}}],"collection":[{"href":"https:\/\/dev.welocalize.com\/fr\/wp-json\/wp\/v2\/pages"}],"about":[{"href":"https:\/\/dev.welocalize.com\/fr\/wp-json\/wp\/v2\/types\/page"}],"author":[{"embeddable":true,"href":"https:\/\/dev.welocalize.com\/fr\/wp-json\/wp\/v2\/users\/2"}],"replies":[{"embeddable":true,"href":"https:\/\/dev.welocalize.com\/fr\/wp-json\/wp\/v2\/comments?post=2584"}],"version-history":[{"count":2,"href":"https:\/\/dev.welocalize.com\/fr\/wp-json\/wp\/v2\/pages\/2584\/revisions"}],"predecessor-version":[{"id":2826,"href":"https:\/\/dev.welocalize.com\/fr\/wp-json\/wp\/v2\/pages\/2584\/revisions\/2826"}],"up":[{"embeddable":true,"href":"https:\/\/dev.welocalize.com\/fr\/wp-json\/wp\/v2\/pages\/2583"}],"wp:attachment":[{"href":"https:\/\/dev.welocalize.com\/fr\/wp-json\/wp\/v2\/media?parent=2584"}],"curies":[{"name":"wp","href":"https:\/\/api.w.org\/{rel}","templated":true}]}}