{"id":2583,"date":"2018-04-19T22:19:11","date_gmt":"2018-04-19T22:19:11","guid":{"rendered":"https:\/\/dev.welocalize.com\/notre-entreprise\/"},"modified":"2020-04-23T17:09:07","modified_gmt":"2020-04-23T17:09:07","slug":"notre-entreprise","status":"publish","type":"page","link":"https:\/\/dev.welocalize.com\/fr\/notre-entreprise\/","title":{"rendered":"Notre entreprise"},"content":{"rendered":"","protected":false},"excerpt":{"rendered":"","protected":false},"author":2,"featured_media":0,"parent":0,"menu_order":0,"comment_status":"closed","ping_status":"closed","template":"page-templates\/content-module.php","meta":{"footnotes":""},"class_list":["post-2583","page","type-page","status-publish","hentry"],"acf":[],"yoast_head":"<!-- This site is optimized with the Yoast SEO Premium plugin v19.0.1 (Yoast SEO v24.3) - https:\/\/yoast.com\/wordpress\/plugins\/seo\/ -->\n<title>Entreprise, direction, opportunit\u00e9s professionnelles et sites<\/title>\n<meta name=\"description\" content=\"Welocalize n\u2019a cess\u00e9 de gagner la confiance de soci\u00e9t\u00e9s du classement Global\u00a02000 gr\u00e2ce \u00e0 ses services linguistiques de qualit\u00e9, ses solutions innovantes et les technologies d\u2019automatisation qui leur assurent la port\u00e9e et la rapidit\u00e9 n\u00e9cessaires pour prosp\u00e9rer sur le march\u00e9 mondial actuel.\" \/>\n<meta name=\"robots\" content=\"noindex, follow\" \/>\n<meta property=\"og:locale\" content=\"fr_FR\" \/>\n<meta property=\"og:type\" content=\"article\" \/>\n<meta property=\"og:title\" content=\"Notre entreprise\" \/>\n<meta property=\"og:description\" content=\"Welocalize n\u2019a cess\u00e9 de gagner la confiance de soci\u00e9t\u00e9s du classement Global\u00a02000 gr\u00e2ce \u00e0 ses services linguistiques de qualit\u00e9, ses solutions innovantes et les technologies d\u2019automatisation qui leur assurent la port\u00e9e et la rapidit\u00e9 n\u00e9cessaires pour prosp\u00e9rer sur le march\u00e9 mondial actuel.\" \/>\n<meta property=\"og:url\" content=\"https:\/\/dev.welocalize.com\/fr\/notre-entreprise\/\" \/>\n<meta property=\"og:site_name\" content=\"Welocalize\" \/>\n<meta property=\"article:publisher\" content=\"https:\/\/www.facebook.com\/Welocalize\/\" \/>\n<meta property=\"article:modified_time\" content=\"2020-04-23T17:09:07+00:00\" \/>\n<meta name=\"twitter:card\" content=\"summary_large_image\" \/>\n<meta name=\"twitter:site\" content=\"@Welocalize\" \/>\n<script type=\"application\/ld+json\" class=\"yoast-schema-graph\">{\"@context\":\"https:\/\/schema.org\",\"@graph\":[{\"@type\":\"WebPage\",\"@id\":\"https:\/\/dev.welocalize.com\/fr\/notre-entreprise\/\",\"url\":\"https:\/\/dev.welocalize.com\/fr\/notre-entreprise\/\",\"name\":\"Entreprise, direction, opportunit\u00e9s professionnelles et sites\",\"isPartOf\":{\"@id\":\"https:\/\/dev.welocalize.com\/fr\/#website\"},\"datePublished\":\"2018-04-19T22:19:11+00:00\",\"dateModified\":\"2020-04-23T17:09:07+00:00\",\"description\":\"Welocalize n\u2019a cess\u00e9 de gagner la confiance de soci\u00e9t\u00e9s du classement Global\u00a02000 gr\u00e2ce \u00e0 ses services linguistiques de qualit\u00e9, ses solutions innovantes et les technologies d\u2019automatisation qui leur assurent la port\u00e9e et la rapidit\u00e9 n\u00e9cessaires pour prosp\u00e9rer sur le march\u00e9 mondial actuel.\",\"breadcrumb\":{\"@id\":\"https:\/\/dev.welocalize.com\/fr\/notre-entreprise\/#breadcrumb\"},\"inLanguage\":\"fr-FR\",\"potentialAction\":[{\"@type\":\"ReadAction\",\"target\":[\"https:\/\/dev.welocalize.com\/fr\/notre-entreprise\/\"]}]},{\"@type\":\"BreadcrumbList\",\"@id\":\"https:\/\/dev.welocalize.com\/fr\/notre-entreprise\/#breadcrumb\",\"itemListElement\":[{\"@type\":\"ListItem\",\"position\":1,\"name\":\"Home\",\"item\":\"https:\/\/dev.welocalize.com\/fr\/\"},{\"@type\":\"ListItem\",\"position\":2,\"name\":\"Notre entreprise\"}]},{\"@type\":\"WebSite\",\"@id\":\"https:\/\/dev.welocalize.com\/fr\/#website\",\"url\":\"https:\/\/dev.welocalize.com\/fr\/\",\"name\":\"Welocalize\",\"description\":\"\",\"potentialAction\":[{\"@type\":\"SearchAction\",\"target\":{\"@type\":\"EntryPoint\",\"urlTemplate\":\"https:\/\/dev.welocalize.com\/fr\/?s={search_term_string}\"},\"query-input\":{\"@type\":\"PropertyValueSpecification\",\"valueRequired\":true,\"valueName\":\"search_term_string\"}}],\"inLanguage\":\"fr-FR\"}]}<\/script>\n<!-- \/ Yoast SEO Premium plugin. -->","yoast_head_json":{"title":"Entreprise, direction, opportunit\u00e9s professionnelles et sites","description":"Welocalize n\u2019a cess\u00e9 de gagner la confiance de soci\u00e9t\u00e9s du classement Global\u00a02000 gr\u00e2ce \u00e0 ses services linguistiques de qualit\u00e9, ses solutions innovantes et les technologies d\u2019automatisation qui leur assurent la port\u00e9e et la rapidit\u00e9 n\u00e9cessaires pour prosp\u00e9rer sur le march\u00e9 mondial actuel.","robots":{"index":"noindex","follow":"follow"},"og_locale":"fr_FR","og_type":"article","og_title":"Notre entreprise","og_description":"Welocalize n\u2019a cess\u00e9 de gagner la confiance de soci\u00e9t\u00e9s du classement Global\u00a02000 gr\u00e2ce \u00e0 ses services linguistiques de qualit\u00e9, ses solutions innovantes et les technologies d\u2019automatisation qui leur assurent la port\u00e9e et la rapidit\u00e9 n\u00e9cessaires pour prosp\u00e9rer sur le march\u00e9 mondial actuel.","og_url":"https:\/\/dev.welocalize.com\/fr\/notre-entreprise\/","og_site_name":"Welocalize","article_publisher":"https:\/\/www.facebook.com\/Welocalize\/","article_modified_time":"2020-04-23T17:09:07+00:00","twitter_card":"summary_large_image","twitter_site":"@Welocalize","schema":{"@context":"https:\/\/schema.org","@graph":[{"@type":"WebPage","@id":"https:\/\/dev.welocalize.com\/fr\/notre-entreprise\/","url":"https:\/\/dev.welocalize.com\/fr\/notre-entreprise\/","name":"Entreprise, direction, opportunit\u00e9s professionnelles et sites","isPartOf":{"@id":"https:\/\/dev.welocalize.com\/fr\/#website"},"datePublished":"2018-04-19T22:19:11+00:00","dateModified":"2020-04-23T17:09:07+00:00","description":"Welocalize n\u2019a cess\u00e9 de gagner la confiance de soci\u00e9t\u00e9s du classement Global\u00a02000 gr\u00e2ce \u00e0 ses services linguistiques de qualit\u00e9, ses solutions innovantes et les technologies d\u2019automatisation qui leur assurent la port\u00e9e et la rapidit\u00e9 n\u00e9cessaires pour prosp\u00e9rer sur le march\u00e9 mondial actuel.","breadcrumb":{"@id":"https:\/\/dev.welocalize.com\/fr\/notre-entreprise\/#breadcrumb"},"inLanguage":"fr-FR","potentialAction":[{"@type":"ReadAction","target":["https:\/\/dev.welocalize.com\/fr\/notre-entreprise\/"]}]},{"@type":"BreadcrumbList","@id":"https:\/\/dev.welocalize.com\/fr\/notre-entreprise\/#breadcrumb","itemListElement":[{"@type":"ListItem","position":1,"name":"Home","item":"https:\/\/dev.welocalize.com\/fr\/"},{"@type":"ListItem","position":2,"name":"Notre entreprise"}]},{"@type":"WebSite","@id":"https:\/\/dev.welocalize.com\/fr\/#website","url":"https:\/\/dev.welocalize.com\/fr\/","name":"Welocalize","description":"","potentialAction":[{"@type":"SearchAction","target":{"@type":"EntryPoint","urlTemplate":"https:\/\/dev.welocalize.com\/fr\/?s={search_term_string}"},"query-input":{"@type":"PropertyValueSpecification","valueRequired":true,"valueName":"search_term_string"}}],"inLanguage":"fr-FR"}]}},"_links":{"self":[{"href":"https:\/\/dev.welocalize.com\/fr\/wp-json\/wp\/v2\/pages\/2583","targetHints":{"allow":["GET"]}}],"collection":[{"href":"https:\/\/dev.welocalize.com\/fr\/wp-json\/wp\/v2\/pages"}],"about":[{"href":"https:\/\/dev.welocalize.com\/fr\/wp-json\/wp\/v2\/types\/page"}],"author":[{"embeddable":true,"href":"https:\/\/dev.welocalize.com\/fr\/wp-json\/wp\/v2\/users\/2"}],"replies":[{"embeddable":true,"href":"https:\/\/dev.welocalize.com\/fr\/wp-json\/wp\/v2\/comments?post=2583"}],"version-history":[{"count":7,"href":"https:\/\/dev.welocalize.com\/fr\/wp-json\/wp\/v2\/pages\/2583\/revisions"}],"predecessor-version":[{"id":10996,"href":"https:\/\/dev.welocalize.com\/fr\/wp-json\/wp\/v2\/pages\/2583\/revisions\/10996"}],"wp:attachment":[{"href":"https:\/\/dev.welocalize.com\/fr\/wp-json\/wp\/v2\/media?parent=2583"}],"curies":[{"name":"wp","href":"https:\/\/api.w.org\/{rel}","templated":true}]}}