{"id":3003,"date":"2018-05-29T13:35:41","date_gmt":"2018-05-29T13:35:41","guid":{"rendered":"https:\/\/dev.welocalize.com\/?page_id=3003"},"modified":"2020-04-23T17:08:56","modified_gmt":"2020-04-23T17:08:56","slug":"aviso-de-privacidad","status":"publish","type":"page","link":"https:\/\/dev.welocalize.com\/es\/aviso-de-privacidad\/","title":{"rendered":"Aviso de confidencialidad"},"content":{"rendered":"<h6 style=\"color: #c8c9c7;font-size: 14px\">Welocalize se toma muy en serio la protecci\u00f3n de su privacidad. Nos esforzamos por mantener la confidencialidad de sus datos personales. Asegurarnos de que conoce y comprende el aviso de privacidad de los clientes de Welocalize nos permite ofrecerle un mejor servicio. Le rogamos que dedique unos instantes a leer este aviso para saber c\u00f3mo tratamos sus datos personales.<\/h6>\n<p><strong>Por qu\u00e9 recopilamos datos personales<br \/>\n<\/strong><br \/>\nLos datos personales incluyen nombres, cargos e informaci\u00f3n general de contacto comercial (tel\u00e9fono, correo electr\u00f3nico de su negocio y otra informaci\u00f3n de contacto en redes sociales). Welocalize recopila y utiliza sus datos personales para proporcionarle un mejor servicio de atenci\u00f3n al cliente, facilitarle un acceso c\u00f3modo a nuestros servicios y soluciones, y poner a su disposici\u00f3n una oferta m\u00e1s amplia de informaci\u00f3n de Welocalize. Adicionalmente, utilizamos sus datos personales para mantenerlo informado sobre los \u00faltimos comunicados de servicio, ofertas especiales e informaci\u00f3n de eventos que consideremos que puede ser de su inter\u00e9s. Es posible que esto incluya de manera ocasional informaci\u00f3n sobre productos y servicios que pueden sumar valor a su estrategia de globalizaci\u00f3n. En ciertas ocasiones, puede que tambi\u00e9n utilicemos sus datos personales para ponernos en contacto con usted para pedirle que participe en una encuesta de investigaci\u00f3n de mercado que nos permita evaluar la satisfacci\u00f3n del cliente y desarrollar mejorar nuestros servicios y soluciones.<\/p>\n<p><strong>C\u00f3mo recopilamos datos personales<br \/>\n<\/strong><br \/>\nWelocalize recopila datos personales de la siguiente manera:<\/p>\n<ul style=\"font-size: 14px\">\n<li>Cuando se pone en contacto con nosotros al completar un formulario en nuestro sitio web<\/li>\n<li>Cuando se pone en contacto con nosotros para solicitar informaci\u00f3n, realizar preguntas o solicitudes<\/li>\n<li>Cuando participa en una encuesta en l\u00ednea<\/li>\n<li>Cuando solicita que lo incluyamos en una lista de distribuci\u00f3n de boletines electr\u00f3nicos<\/li>\n<\/ul>\n<p>Almacenamos la informaci\u00f3n que proporciona en bases de datos CRN seguras proporcionadas por proveedores externos:<\/p>\n<ul style=\"font-size: 14px\">\n<li>Marketo<\/li>\n<li>Pardot<\/li>\n<li>Salesforce<\/li>\n<li>SurveyMonkey<\/li>\n<\/ul>\n<p><strong>Cu\u00e1ndo revelamos sus datos personales<br \/>\n<\/strong><br \/>\nPuede que la legislaci\u00f3n o un procedimiento legal nos obliguen a revelar sus datos personales. En cualquier otro caso, si vamos a utilizar sus datos personales de una forma distinta a la indicada al momento de su obtenci\u00f3n, intentaremos ponernos en contacto con usted por correo electr\u00f3nico con la informaci\u00f3n m\u00e1s reciente de la que dispongamos. Si no nos ha autorizado a enviarle comunicaciones, no nos pondremos en contacto con usted ni utilizaremos sus datos personales de ninguna otra forma.<\/p>\n<p><strong>C\u00f3mo protegemos sus datos personales<br \/>\n<\/strong><br \/>\nWelocalize protege la seguridad de los datos que nos facilita mediante procedimientos f\u00edsicos, electr\u00f3nicos y de gesti\u00f3n. Le instamos a que tome las m\u00e1ximas precauciones para proteger sus datos personales cuando utilice Internet. Cambie sus contrase\u00f1as a menudo, utilice una combinaci\u00f3n de letras y n\u00fameros, y aseg\u00farese de utilizar un navegador seguro. Welocalize utiliza el cifrado Secure Sockets Layer (SSL), que es un est\u00e1ndar del sector, en todas las p\u00e1ginas web en las que se solicitan datos personales. Al utilizar un portal de Welocalize, deber\u00e1 utilizar un navegador que tenga habilitado el cifrado SSL. De esta forma, se protege la confidencialidad de sus datos personales al transmitirlos a trav\u00e9s de Internet.<\/p>\n<p><strong>Acceso a sus datos personales para revisi\u00f3n o actualizaci\u00f3n<br \/>\n<\/strong><br \/>\nPuede acceder en todo momento a la informaci\u00f3n que tenemos sobre usted. Para revisar, actualizar o eliminar sus datos personales de la informaci\u00f3n almacenada por Welocalize, s\u00edrvase enviar una solicitud por correo electr\u00f3nico a <a href=\"mailto:gdpr@welocalize.com\">gdpr@welocalize.com<\/a><\/p>\n<p><strong>Recopilaci\u00f3n de otros datos personales<br \/>\n<\/strong><br \/>\nCuando navegue por el sitio web de Welocalize, puede hacerlo de forma an\u00f3nima. Normalmente, no recopilamos datos personales cuando explora el sitio, ni siquiera su direcci\u00f3n de correo electr\u00f3nico. No obstante, su navegador nos indica autom\u00e1ticamente el tipo de navegador que utiliza, as\u00ed como el pa\u00eds desde el que realiza la visita.<\/p>\n<p>Como muchos sitios web, los sitios de Welocalize utilizan tecnolog\u00eda de archivos \u00abcookie\u00bb, tanto de sesi\u00f3n como persistentes. Las cookies que utilizamos no revelan ning\u00fan dato personal sobre usted. Las cookies nos ayudan a saber qu\u00e9 partes de nuestros sitios web son las m\u00e1s populares, a d\u00f3nde van los visitantes y cu\u00e1nto tiempo pasan en cada lugar. Utilizamos cookies para estudiar los patrones de tr\u00e1fico de nuestro sitio para poder mejorar el contenido, la navegaci\u00f3n y la experiencia general de los usuarios.<\/p>\n<p><strong>Nuestro compromiso generalizado con respecto a la privacidad<br \/>\n<\/strong><br \/>\nPara asegurarnos de que sus datos personales no pierdan su car\u00e1cter confidencial, comunicamos estas directrices de privacidad a todos los empleados de Welocalize.<\/p>\n<p>El aviso de privacidad de Welocalize est\u00e1 sujeto a cambios en cualquier momento. Lo instamos a revisar peri\u00f3dicamente el aviso de privacidad en caso de que se hayan introducido modificaciones.<\/p>\n","protected":false},"excerpt":{"rendered":"<p>Welocalize se toma muy en serio la protecci\u00f3n de su privacidad. Nos esforzamos por mantener la confidencialidad de sus datos personales. Asegurarnos de que conoce y comprende el aviso de privacidad de los clientes de Welocalize nos permite ofrecerle un mejor servicio. Le rogamos que dedique unos instantes a leer este aviso para saber c\u00f3mo&#8230;<\/p>\n","protected":false},"author":2,"featured_media":0,"parent":0,"menu_order":0,"comment_status":"closed","ping_status":"closed","template":"","meta":{"footnotes":""},"class_list":["post-3003","page","type-page","status-publish","hentry"],"acf":[],"yoast_head":"<!-- This site is optimized with the Yoast SEO Premium plugin v19.0.1 (Yoast SEO v24.3) - https:\/\/yoast.com\/wordpress\/plugins\/seo\/ -->\n<title>Declaraci\u00f3n de confidencialidad de Welocalize<\/title>\n<meta name=\"description\" content=\"La protecci\u00f3n de su privacidad es importante para nosotros, por lo que nos esforzamos en mantener la confidencialidad de sus datos personales. S\u00edrvase leer el aviso de confidencialidad de los clientes de Welocalize\" \/>\n<meta name=\"robots\" content=\"noindex, follow\" \/>\n<meta property=\"og:locale\" content=\"es_ES\" \/>\n<meta property=\"og:type\" content=\"article\" \/>\n<meta property=\"og:title\" content=\"Aviso de confidencialidad\" \/>\n<meta property=\"og:description\" content=\"La protecci\u00f3n de su privacidad es importante para nosotros, por lo que nos esforzamos en mantener la confidencialidad de sus datos personales. S\u00edrvase leer el aviso de confidencialidad de los clientes de Welocalize\" \/>\n<meta property=\"og:url\" content=\"https:\/\/dev.welocalize.com\/es\/aviso-de-privacidad\/\" \/>\n<meta property=\"og:site_name\" content=\"Welocalize\" \/>\n<meta property=\"article:publisher\" content=\"https:\/\/www.facebook.com\/Welocalize\/\" \/>\n<meta property=\"article:modified_time\" content=\"2020-04-23T17:08:56+00:00\" \/>\n<meta name=\"twitter:card\" content=\"summary_large_image\" \/>\n<meta name=\"twitter:site\" content=\"@Welocalize\" \/>\n<meta name=\"twitter:label1\" content=\"Tiempo de lectura\" \/>\n\t<meta name=\"twitter:data1\" content=\"4 minutos\" \/>\n<script type=\"application\/ld+json\" class=\"yoast-schema-graph\">{\"@context\":\"https:\/\/schema.org\",\"@graph\":[{\"@type\":\"WebPage\",\"@id\":\"https:\/\/dev.welocalize.com\/es\/aviso-de-privacidad\/\",\"url\":\"https:\/\/dev.welocalize.com\/es\/aviso-de-privacidad\/\",\"name\":\"Declaraci\u00f3n de confidencialidad de Welocalize\",\"isPartOf\":{\"@id\":\"https:\/\/dev.welocalize.com\/es\/#website\"},\"datePublished\":\"2018-05-29T13:35:41+00:00\",\"dateModified\":\"2020-04-23T17:08:56+00:00\",\"description\":\"La protecci\u00f3n de su privacidad es importante para nosotros, por lo que nos esforzamos en mantener la confidencialidad de sus datos personales. S\u00edrvase leer el aviso de confidencialidad de los clientes de Welocalize\",\"breadcrumb\":{\"@id\":\"https:\/\/dev.welocalize.com\/es\/aviso-de-privacidad\/#breadcrumb\"},\"inLanguage\":\"es\",\"potentialAction\":[{\"@type\":\"ReadAction\",\"target\":[\"https:\/\/dev.welocalize.com\/es\/aviso-de-privacidad\/\"]}]},{\"@type\":\"BreadcrumbList\",\"@id\":\"https:\/\/dev.welocalize.com\/es\/aviso-de-privacidad\/#breadcrumb\",\"itemListElement\":[{\"@type\":\"ListItem\",\"position\":1,\"name\":\"Home\",\"item\":\"https:\/\/dev.welocalize.com\/es\/\"},{\"@type\":\"ListItem\",\"position\":2,\"name\":\"Aviso de confidencialidad\"}]},{\"@type\":\"WebSite\",\"@id\":\"https:\/\/dev.welocalize.com\/es\/#website\",\"url\":\"https:\/\/dev.welocalize.com\/es\/\",\"name\":\"Welocalize\",\"description\":\"\",\"potentialAction\":[{\"@type\":\"SearchAction\",\"target\":{\"@type\":\"EntryPoint\",\"urlTemplate\":\"https:\/\/dev.welocalize.com\/es\/?s={search_term_string}\"},\"query-input\":{\"@type\":\"PropertyValueSpecification\",\"valueRequired\":true,\"valueName\":\"search_term_string\"}}],\"inLanguage\":\"es\"}]}<\/script>\n<!-- \/ Yoast SEO Premium plugin. -->","yoast_head_json":{"title":"Declaraci\u00f3n de confidencialidad de Welocalize","description":"La protecci\u00f3n de su privacidad es importante para nosotros, por lo que nos esforzamos en mantener la confidencialidad de sus datos personales. S\u00edrvase leer el aviso de confidencialidad de los clientes de Welocalize","robots":{"index":"noindex","follow":"follow"},"og_locale":"es_ES","og_type":"article","og_title":"Aviso de confidencialidad","og_description":"La protecci\u00f3n de su privacidad es importante para nosotros, por lo que nos esforzamos en mantener la confidencialidad de sus datos personales. S\u00edrvase leer el aviso de confidencialidad de los clientes de Welocalize","og_url":"https:\/\/dev.welocalize.com\/es\/aviso-de-privacidad\/","og_site_name":"Welocalize","article_publisher":"https:\/\/www.facebook.com\/Welocalize\/","article_modified_time":"2020-04-23T17:08:56+00:00","twitter_card":"summary_large_image","twitter_site":"@Welocalize","twitter_misc":{"Tiempo de lectura":"4 minutos"},"schema":{"@context":"https:\/\/schema.org","@graph":[{"@type":"WebPage","@id":"https:\/\/dev.welocalize.com\/es\/aviso-de-privacidad\/","url":"https:\/\/dev.welocalize.com\/es\/aviso-de-privacidad\/","name":"Declaraci\u00f3n de confidencialidad de Welocalize","isPartOf":{"@id":"https:\/\/dev.welocalize.com\/es\/#website"},"datePublished":"2018-05-29T13:35:41+00:00","dateModified":"2020-04-23T17:08:56+00:00","description":"La protecci\u00f3n de su privacidad es importante para nosotros, por lo que nos esforzamos en mantener la confidencialidad de sus datos personales. S\u00edrvase leer el aviso de confidencialidad de los clientes de Welocalize","breadcrumb":{"@id":"https:\/\/dev.welocalize.com\/es\/aviso-de-privacidad\/#breadcrumb"},"inLanguage":"es","potentialAction":[{"@type":"ReadAction","target":["https:\/\/dev.welocalize.com\/es\/aviso-de-privacidad\/"]}]},{"@type":"BreadcrumbList","@id":"https:\/\/dev.welocalize.com\/es\/aviso-de-privacidad\/#breadcrumb","itemListElement":[{"@type":"ListItem","position":1,"name":"Home","item":"https:\/\/dev.welocalize.com\/es\/"},{"@type":"ListItem","position":2,"name":"Aviso de confidencialidad"}]},{"@type":"WebSite","@id":"https:\/\/dev.welocalize.com\/es\/#website","url":"https:\/\/dev.welocalize.com\/es\/","name":"Welocalize","description":"","potentialAction":[{"@type":"SearchAction","target":{"@type":"EntryPoint","urlTemplate":"https:\/\/dev.welocalize.com\/es\/?s={search_term_string}"},"query-input":{"@type":"PropertyValueSpecification","valueRequired":true,"valueName":"search_term_string"}}],"inLanguage":"es"}]}},"_links":{"self":[{"href":"https:\/\/dev.welocalize.com\/es\/wp-json\/wp\/v2\/pages\/3003","targetHints":{"allow":["GET"]}}],"collection":[{"href":"https:\/\/dev.welocalize.com\/es\/wp-json\/wp\/v2\/pages"}],"about":[{"href":"https:\/\/dev.welocalize.com\/es\/wp-json\/wp\/v2\/types\/page"}],"author":[{"embeddable":true,"href":"https:\/\/dev.welocalize.com\/es\/wp-json\/wp\/v2\/users\/2"}],"replies":[{"embeddable":true,"href":"https:\/\/dev.welocalize.com\/es\/wp-json\/wp\/v2\/comments?post=3003"}],"version-history":[{"count":12,"href":"https:\/\/dev.welocalize.com\/es\/wp-json\/wp\/v2\/pages\/3003\/revisions"}],"predecessor-version":[{"id":14535,"href":"https:\/\/dev.welocalize.com\/es\/wp-json\/wp\/v2\/pages\/3003\/revisions\/14535"}],"wp:attachment":[{"href":"https:\/\/dev.welocalize.com\/es\/wp-json\/wp\/v2\/media?parent=3003"}],"curies":[{"name":"wp","href":"https:\/\/api.w.org\/{rel}","templated":true}]}}