{"id":3001,"date":"2018-05-29T13:33:15","date_gmt":"2018-05-29T13:33:15","guid":{"rendered":"https:\/\/dev.welocalize.com\/?page_id=3001"},"modified":"2020-04-23T17:08:56","modified_gmt":"2020-04-23T17:08:56","slug":"aviso-legal","status":"publish","type":"page","link":"https:\/\/dev.welocalize.com\/es\/aviso-legal\/","title":{"rendered":"Aviso legal"},"content":{"rendered":"<h6 style=\"color: #c8c9c7;font-size: 14px\">AVISO: LEA CON ATENCI\u00d3N LAS PRESENTES CONDICIONES. AL ACCEDER A ESTE SITIO Y A CUALQUIERA DE SUS P\u00c1GINAS, USTED ACEPTA QUEDAR SUJETO A LAS SIGUIENTES CONDICIONES . SI NO LAS ACEPTA, NO ACCEDA AL SITIO NI A NINGUNA DE SUS P\u00c1GINAS. COPYRIGHT \u00a9 WELOCALIZE 2001 \u2013 2018. TODOS LOS DERECHOS RESERVADOS.<\/h6>\n<p><strong>DERECHOS DE PROPIEDAD<\/strong><\/p>\n<p>Todo el contenido del Sitio est\u00e1 protegido por las disposiciones de la legislaci\u00f3n y los tratados en materia de propiedad intelectual de Estados Unidos y de todo el mundo. El material publicado en este sitio web es propiedad intelectual de Welocalize. Todos los derechos reservados en todo el mundo. Queda prohibida la reproducci\u00f3n del material publicado en este sitio web sin la autorizaci\u00f3n expresa por escrito de Welocalize, con la excepci\u00f3n de la doctrina del \u00abuso leg\u00edtimo\u00bb de la legislaci\u00f3n de propiedad intelectual de Estados Unidos, que permite la reproducci\u00f3n de fragmentos breves para su uso no comercial, como en rese\u00f1as de productos o art\u00edculos acad\u00e9micos. El material protegido por derechos de propiedad intelectual perteneciente a terceros se reproduce con autorizaci\u00f3n.<\/p>\n<p><strong>ACCESO A \u00c1REAS SEGURAS O PROTEGIDAS CON CONTRASE\u00d1A<\/strong><\/p>\n<p>El acceso y uso de \u00e1reas seguras o protegidas con contrase\u00f1a del Sitio est\u00e1 restringido exclusivamente a los usuarios autorizados. Las personas no autorizadas que intenten acceder a estas \u00e1reas del Sitio podr\u00edan ser objeto de acciones legales. Usted es responsable de mantener la confidencialidad de la contrase\u00f1a que se le proporcione para acceder al Sitio y tendr\u00e1 plena responsabilidad sobre todas las actividades que se realicen utilizando su contrase\u00f1a. Debe notificar inmediatamente a Welocalize cualquier uso no autorizado de su contrase\u00f1a y debe salir de la cuenta inmediatamente despu\u00e9s de utilizar el Sitio.<\/p>\n<p><strong>PRIVACIDAD<\/strong><\/p>\n<p>Welocalize ha implantado un aviso de privacidad para proteger los datos personales que nos proporcione sobre usted. Debe revisar este documento antes de proporcionarnos cualquier dato personal a trav\u00e9s del Sitio. S\u00edrvase leer el &lt;a href=\u00bbhttps:\/\/dev.welocalize.com\/privacy-policy\/\u00bb&gt;Aviso de privacidad.&lt;\/a&gt;<\/p>\n<p><strong>USO DE LA INFORMACI\u00d3N Y LOS MATERIALES<\/strong><\/p>\n<p>La informaci\u00f3n y los materiales que contienen estas p\u00e1ginas y los t\u00e9rminos, condiciones y descripciones que aparecen en ellas est\u00e1n sujetos a cambios. Queda prohibido el uso no autorizado de los sitios web y sistemas de Welocalize, lo que incluye, entre otros, el acceso no autorizado a los sistemas de Welocalize y el uso indebido de contrase\u00f1as o de cualquier informaci\u00f3n publicada en un sitio. No todos los productos y servicios est\u00e1n disponibles en todas las zonas geogr\u00e1ficas. Su elegibilidad para acceder a productos y servicios concretos estar\u00e1 sujeta a la resoluci\u00f3n final de Welocalize.<\/p>\n<p><strong>V\u00cdNCULOS<\/strong><\/p>\n<p>ESTE SITIO PUEDE CONTENER V\u00cdNCULOS A OTROS SITIOS WEB CONTROLADOS U OFRECIDOS POR TERCEROS (QUE NO SEAN FILIALES DE WELOCALIZE). POR EL PRESENTE, WELOCALIZE DECLINA TODA RESPONSABILIDAD SOBRE CUALQUIER INFORMACI\u00d3N, MATERIAL, PRODUCTO O SERVICIO PUBLICADO U OFRECIDO POR SITIOS DE TERCEROS VINCULADOS A ESTE SITIO WEB. MEDIANTE LA CREACI\u00d3N DE UN V\u00cdNCULO A UN SITIO WEB DE TERCEROS, WELOCALIZE NO AVALA NI RECOMIENDA NINGUNO DE LOS PRODUCTOS O SERVICIOS OFRECIDOS, NI LA INFORMACI\u00d3N CONTENIDA EN DICHO SITIO WEB. ASIMISMO, WELOCALIZE NO TIENE RESPONSABILIDAD ALGUNA SOBRE CUALQUIER FALLO DE LOS PRODUCTOS O SERVICIOS OFRECIDOS O PUBLICITADOS EN DICHOS SITIOS. PUEDE QUE ESOS TERCEROS APLIQUEN UNA PRIVACIDAD DISTINTA A LA DE WELOCALIZE Y PUEDE QUE LOS SITIOS WEB DE TERCEROS OFREZCAN UN NIVEL DE SEGURIDAD MENOR QUE EL SITIO DE WELOCALIZE.<\/p>\n<p><strong>AUSENCIA DE GARANT\u00cdA<\/strong><\/p>\n<p>LA INFORMACI\u00d3N Y LOS MATERIALES CONTENIDOS EN ESTE SITIO WEB, QUE INCLUYEN, ENTRE OTROS, TEXTOS, GR\u00c1FICOS Y V\u00cdNCULOS, SE OFRECEN \u00abEN EL ESTADO EN QUE SE ENCUENTRAN\u00bb, \u00abSEG\u00daN DISPONIBILIDAD\u00bb. WELOCALIZE NO GARANTIZA LA EXACTITUD, IDONEIDAD O INTEGRIDAD DE ESTA INFORMACI\u00d3N Y MATERIALES, Y DECLINA EXPRESAMENTE TODA RESPONSABILIDAD DEBIDO A ERRORES U OMISIONES EN ESTOS. NO SE OFRECE JUNTO A LA INFORMACI\u00d3N Y LOS MATERIALES NING\u00daN TIPO DE GARANT\u00cdAS, IMPL\u00cdCITAS, EXPRESAS NI LEGALES, INCLUIDAS, ENTRE OTRAS, LAS GARANT\u00cdAS DE NO INFRACCI\u00d3N DE DERECHOS DE TERCEROS, TITULARIDAD, COMERCIABILIDAD, ADECUACI\u00d3N PARA UN PROP\u00d3SITO ESPEC\u00cdFICO Y AUSENCIA DE VIRUS INFORM\u00c1TICOS.<\/p>\n<p><strong>LIMITACI\u00d3N DE RESPONSABILIDAD.<\/strong><\/p>\n<p>EN NING\u00daN CASO WELOCALIZE SER\u00c1 RESPONSABLE POR DA\u00d1OS, INCLUIDOS, A T\u00cdTULO MERAMENTE ENUNCIATIVO, LOS DA\u00d1OS, P\u00c9RDIDAS O GASTOS DIRECTOS O INDIRECTOS, ESPECIALES, FORTUITOS O CONSECUENTES SURGIDOS EN RELACI\u00d3N CON ESTE SITIO O CUALQUIER SITIO VINCULADO O POR EL USO DE ELLOS O POR LA IMPOSIBILIDAD DE CUALQUIER PARTE PARA USARLOS, O QUE EST\u00c9N RELACIONADOS CON CUALQUIER FALLO DE FUNCIONAMIENTO, ERROR, OMISI\u00d3N, INTERRUPCI\u00d3N, DEFECTO, RETRASO EN EL FUNCIONAMIENTO O TRANSMISI\u00d3N, VIRUS INFORM\u00c1TICOS O FALLO DEL SISTEMA O DE LA L\u00cdNEA, AUN EN EL CASO DE QUE WELOCALIZE O SUS REPRESENTANTES HUBIERAN SIDO ADVERTIDOS DE LA POSIBILIDAD DE DICHOS DA\u00d1OS, P\u00c9RDIDAS O GASTOS.<\/p>\n<p><strong>DISPONIBILIDAD<\/strong><\/p>\n<p>Este Sitio no ha sido concebido para ser distribuido o utilizado por cualquier persona f\u00edsica o jur\u00eddica en ninguna jurisdicci\u00f3n o pa\u00eds en los que dicha distribuci\u00f3n o utilizaci\u00f3n fuese contraria a la legislaci\u00f3n o normativas locales.<\/p>\n<p><strong>CONDICIONES ADICIONALES<\/strong><\/p>\n<p>Determinados apartados o p\u00e1ginas de este Sitio pueden contener condiciones separadas, que ser\u00e1n adicionales a las presentes condiciones. En caso de conflicto, dichos apartados o p\u00e1ginas se regir\u00e1n por las condiciones adicionales.<\/p>\n<p><strong>LEGISLACI\u00d3N APLICABLE<\/strong><\/p>\n<p>Todas las cuestiones relacionadas con su acceso al Sitio o el uso que haga de este se regir\u00e1n por la legislaci\u00f3n federal de los Estados Unidos o por la legislaci\u00f3n del estado de Maryland. Cualquier acci\u00f3n o procedimiento legal relacionado con su acceso al Sitio o el uso que haga de este deber\u00e1 incoarse en un tribunal estatal o federal del condado de Frederick County, Maryland, Estados Unidos. Usted y Welocalize aceptan someterse a la jurisdicci\u00f3n de estos tribunales y acuerdan que son competentes para dicha acci\u00f3n o procedimiento legal.<\/p>\n<p>Quedan reservados todos los derechos no concedidos expresamente en el presente. Todo el contenido est\u00e1 protegido por Copyright \u00a9 2001 \u2013 2018 Welocalize, Inc. Todos los derechos reservados.<\/p>\n","protected":false},"excerpt":{"rendered":"<p>AVISO: LEA CON ATENCI\u00d3N LAS PRESENTES CONDICIONES. AL ACCEDER A ESTE SITIO Y A CUALQUIERA DE SUS P\u00c1GINAS, USTED ACEPTA QUEDAR SUJETO A LAS SIGUIENTES CONDICIONES . SI NO LAS ACEPTA, NO ACCEDA AL SITIO NI A NINGUNA DE SUS P\u00c1GINAS. COPYRIGHT \u00a9 WELOCALIZE 2001 \u2013 2018. TODOS LOS DERECHOS RESERVADOS. DERECHOS DE PROPIEDAD Todo&#8230;<\/p>\n","protected":false},"author":2,"featured_media":0,"parent":0,"menu_order":0,"comment_status":"closed","ping_status":"closed","template":"","meta":{"footnotes":""},"class_list":["post-3001","page","type-page","status-publish","hentry"],"acf":[],"yoast_head":"<!-- This site is optimized with the Yoast SEO Premium plugin v19.0.1 (Yoast SEO v24.3) - https:\/\/yoast.com\/wordpress\/plugins\/seo\/ -->\n<title>Aviso legal de Welocalize<\/title>\n<meta name=\"description\" content=\"Por favor, lea con atenci\u00f3n estos t\u00e9rminos y condiciones. Al acceder a este sitio y a cualquiera de sus p\u00e1ginas, usted acepta someterse a los t\u00e9rminos y condiciones que figuran a continuaci\u00f3n.\" \/>\n<meta name=\"robots\" content=\"noindex, follow\" \/>\n<meta property=\"og:locale\" content=\"es_ES\" \/>\n<meta property=\"og:type\" content=\"article\" \/>\n<meta property=\"og:title\" content=\"Aviso legal\" \/>\n<meta property=\"og:description\" content=\"Por favor, lea con atenci\u00f3n estos t\u00e9rminos y condiciones. Al acceder a este sitio y a cualquiera de sus p\u00e1ginas, usted acepta someterse a los t\u00e9rminos y condiciones que figuran a continuaci\u00f3n.\" \/>\n<meta property=\"og:url\" content=\"https:\/\/dev.welocalize.com\/es\/aviso-legal\/\" \/>\n<meta property=\"og:site_name\" content=\"Welocalize\" \/>\n<meta property=\"article:publisher\" content=\"https:\/\/www.facebook.com\/Welocalize\/\" \/>\n<meta property=\"article:modified_time\" content=\"2020-04-23T17:08:56+00:00\" \/>\n<meta name=\"twitter:card\" content=\"summary_large_image\" \/>\n<meta name=\"twitter:site\" content=\"@Welocalize\" \/>\n<meta name=\"twitter:label1\" content=\"Tiempo de lectura\" \/>\n\t<meta name=\"twitter:data1\" content=\"5 minutos\" \/>\n<script type=\"application\/ld+json\" class=\"yoast-schema-graph\">{\"@context\":\"https:\/\/schema.org\",\"@graph\":[{\"@type\":\"WebPage\",\"@id\":\"https:\/\/dev.welocalize.com\/es\/aviso-legal\/\",\"url\":\"https:\/\/dev.welocalize.com\/es\/aviso-legal\/\",\"name\":\"Aviso legal de Welocalize\",\"isPartOf\":{\"@id\":\"https:\/\/dev.welocalize.com\/es\/#website\"},\"datePublished\":\"2018-05-29T13:33:15+00:00\",\"dateModified\":\"2020-04-23T17:08:56+00:00\",\"description\":\"Por favor, lea con atenci\u00f3n estos t\u00e9rminos y condiciones. Al acceder a este sitio y a cualquiera de sus p\u00e1ginas, usted acepta someterse a los t\u00e9rminos y condiciones que figuran a continuaci\u00f3n.\",\"breadcrumb\":{\"@id\":\"https:\/\/dev.welocalize.com\/es\/aviso-legal\/#breadcrumb\"},\"inLanguage\":\"es\",\"potentialAction\":[{\"@type\":\"ReadAction\",\"target\":[\"https:\/\/dev.welocalize.com\/es\/aviso-legal\/\"]}]},{\"@type\":\"BreadcrumbList\",\"@id\":\"https:\/\/dev.welocalize.com\/es\/aviso-legal\/#breadcrumb\",\"itemListElement\":[{\"@type\":\"ListItem\",\"position\":1,\"name\":\"Home\",\"item\":\"https:\/\/dev.welocalize.com\/es\/\"},{\"@type\":\"ListItem\",\"position\":2,\"name\":\"Aviso legal\"}]},{\"@type\":\"WebSite\",\"@id\":\"https:\/\/dev.welocalize.com\/es\/#website\",\"url\":\"https:\/\/dev.welocalize.com\/es\/\",\"name\":\"Welocalize\",\"description\":\"\",\"potentialAction\":[{\"@type\":\"SearchAction\",\"target\":{\"@type\":\"EntryPoint\",\"urlTemplate\":\"https:\/\/dev.welocalize.com\/es\/?s={search_term_string}\"},\"query-input\":{\"@type\":\"PropertyValueSpecification\",\"valueRequired\":true,\"valueName\":\"search_term_string\"}}],\"inLanguage\":\"es\"}]}<\/script>\n<!-- \/ Yoast SEO Premium plugin. -->","yoast_head_json":{"title":"Aviso legal de Welocalize","description":"Por favor, lea con atenci\u00f3n estos t\u00e9rminos y condiciones. Al acceder a este sitio y a cualquiera de sus p\u00e1ginas, usted acepta someterse a los t\u00e9rminos y condiciones que figuran a continuaci\u00f3n.","robots":{"index":"noindex","follow":"follow"},"og_locale":"es_ES","og_type":"article","og_title":"Aviso legal","og_description":"Por favor, lea con atenci\u00f3n estos t\u00e9rminos y condiciones. Al acceder a este sitio y a cualquiera de sus p\u00e1ginas, usted acepta someterse a los t\u00e9rminos y condiciones que figuran a continuaci\u00f3n.","og_url":"https:\/\/dev.welocalize.com\/es\/aviso-legal\/","og_site_name":"Welocalize","article_publisher":"https:\/\/www.facebook.com\/Welocalize\/","article_modified_time":"2020-04-23T17:08:56+00:00","twitter_card":"summary_large_image","twitter_site":"@Welocalize","twitter_misc":{"Tiempo de lectura":"5 minutos"},"schema":{"@context":"https:\/\/schema.org","@graph":[{"@type":"WebPage","@id":"https:\/\/dev.welocalize.com\/es\/aviso-legal\/","url":"https:\/\/dev.welocalize.com\/es\/aviso-legal\/","name":"Aviso legal de Welocalize","isPartOf":{"@id":"https:\/\/dev.welocalize.com\/es\/#website"},"datePublished":"2018-05-29T13:33:15+00:00","dateModified":"2020-04-23T17:08:56+00:00","description":"Por favor, lea con atenci\u00f3n estos t\u00e9rminos y condiciones. Al acceder a este sitio y a cualquiera de sus p\u00e1ginas, usted acepta someterse a los t\u00e9rminos y condiciones que figuran a continuaci\u00f3n.","breadcrumb":{"@id":"https:\/\/dev.welocalize.com\/es\/aviso-legal\/#breadcrumb"},"inLanguage":"es","potentialAction":[{"@type":"ReadAction","target":["https:\/\/dev.welocalize.com\/es\/aviso-legal\/"]}]},{"@type":"BreadcrumbList","@id":"https:\/\/dev.welocalize.com\/es\/aviso-legal\/#breadcrumb","itemListElement":[{"@type":"ListItem","position":1,"name":"Home","item":"https:\/\/dev.welocalize.com\/es\/"},{"@type":"ListItem","position":2,"name":"Aviso legal"}]},{"@type":"WebSite","@id":"https:\/\/dev.welocalize.com\/es\/#website","url":"https:\/\/dev.welocalize.com\/es\/","name":"Welocalize","description":"","potentialAction":[{"@type":"SearchAction","target":{"@type":"EntryPoint","urlTemplate":"https:\/\/dev.welocalize.com\/es\/?s={search_term_string}"},"query-input":{"@type":"PropertyValueSpecification","valueRequired":true,"valueName":"search_term_string"}}],"inLanguage":"es"}]}},"_links":{"self":[{"href":"https:\/\/dev.welocalize.com\/es\/wp-json\/wp\/v2\/pages\/3001","targetHints":{"allow":["GET"]}}],"collection":[{"href":"https:\/\/dev.welocalize.com\/es\/wp-json\/wp\/v2\/pages"}],"about":[{"href":"https:\/\/dev.welocalize.com\/es\/wp-json\/wp\/v2\/types\/page"}],"author":[{"embeddable":true,"href":"https:\/\/dev.welocalize.com\/es\/wp-json\/wp\/v2\/users\/2"}],"replies":[{"embeddable":true,"href":"https:\/\/dev.welocalize.com\/es\/wp-json\/wp\/v2\/comments?post=3001"}],"version-history":[{"count":10,"href":"https:\/\/dev.welocalize.com\/es\/wp-json\/wp\/v2\/pages\/3001\/revisions"}],"predecessor-version":[{"id":14536,"href":"https:\/\/dev.welocalize.com\/es\/wp-json\/wp\/v2\/pages\/3001\/revisions\/14536"}],"wp:attachment":[{"href":"https:\/\/dev.welocalize.com\/es\/wp-json\/wp\/v2\/media?parent=3001"}],"curies":[{"name":"wp","href":"https:\/\/api.w.org\/{rel}","templated":true}]}}