{"id":2375,"date":"2018-04-19T01:40:26","date_gmt":"2018-04-19T01:40:26","guid":{"rendered":"https:\/\/dev.welocalize.com\/contacto\/"},"modified":"2020-04-23T17:09:18","modified_gmt":"2020-04-23T17:09:18","slug":"contacto","status":"publish","type":"page","link":"https:\/\/dev.welocalize.com\/es\/contacto\/","title":{"rendered":"Contacto"},"content":{"rendered":"","protected":false},"excerpt":{"rendered":"","protected":false},"author":2,"featured_media":0,"parent":0,"menu_order":0,"comment_status":"closed","ping_status":"closed","template":"page-templates\/contact.php","meta":{"footnotes":""},"class_list":["post-2375","page","type-page","status-publish","hentry"],"acf":[],"yoast_head":"<!-- This site is optimized with the Yoast SEO Premium plugin v19.0.1 (Yoast SEO v24.3) - https:\/\/yoast.com\/wordpress\/plugins\/seo\/ -->\n<title>Comun\u00edquese con Welocalize y acelere el camino de su empresa en el comercio internacional<\/title>\n<meta name=\"description\" content=\"P\u00f3ngase en contacto con Welocalize si necesita m\u00e1s informaci\u00f3n sobre nuestras soluciones ling\u00fc\u00edsticas para acelerar su camino en el comercio internacional, explorar c\u00f3mo trabajar con nosotros como agencia de traducci\u00f3n y descubrir las vacantes disponibles.\" \/>\n<meta name=\"robots\" content=\"noindex, follow\" \/>\n<meta property=\"og:locale\" content=\"es_ES\" \/>\n<meta property=\"og:type\" content=\"article\" \/>\n<meta property=\"og:title\" content=\"Contacto\" \/>\n<meta property=\"og:description\" content=\"P\u00f3ngase en contacto con Welocalize si necesita m\u00e1s informaci\u00f3n sobre nuestras soluciones ling\u00fc\u00edsticas para acelerar su camino en el comercio internacional, explorar c\u00f3mo trabajar con nosotros como agencia de traducci\u00f3n y descubrir las vacantes disponibles.\" \/>\n<meta property=\"og:url\" content=\"https:\/\/dev.welocalize.com\/es\/contacto\/\" \/>\n<meta property=\"og:site_name\" content=\"Welocalize\" \/>\n<meta property=\"article:publisher\" content=\"https:\/\/www.facebook.com\/Welocalize\/\" \/>\n<meta property=\"article:modified_time\" content=\"2020-04-23T17:09:18+00:00\" \/>\n<meta name=\"twitter:card\" content=\"summary_large_image\" \/>\n<meta name=\"twitter:site\" content=\"@Welocalize\" \/>\n<script type=\"application\/ld+json\" class=\"yoast-schema-graph\">{\"@context\":\"https:\/\/schema.org\",\"@graph\":[{\"@type\":\"WebPage\",\"@id\":\"https:\/\/dev.welocalize.com\/es\/contacto\/\",\"url\":\"https:\/\/dev.welocalize.com\/es\/contacto\/\",\"name\":\"Comun\u00edquese con Welocalize y acelere el camino de su empresa en el comercio internacional\",\"isPartOf\":{\"@id\":\"https:\/\/dev.welocalize.com\/es\/#website\"},\"datePublished\":\"2018-04-19T01:40:26+00:00\",\"dateModified\":\"2020-04-23T17:09:18+00:00\",\"description\":\"P\u00f3ngase en contacto con Welocalize si necesita m\u00e1s informaci\u00f3n sobre nuestras soluciones ling\u00fc\u00edsticas para acelerar su camino en el comercio internacional, explorar c\u00f3mo trabajar con nosotros como agencia de traducci\u00f3n y descubrir las vacantes disponibles.\",\"breadcrumb\":{\"@id\":\"https:\/\/dev.welocalize.com\/es\/contacto\/#breadcrumb\"},\"inLanguage\":\"es\",\"potentialAction\":[{\"@type\":\"ReadAction\",\"target\":[\"https:\/\/dev.welocalize.com\/es\/contacto\/\"]}]},{\"@type\":\"BreadcrumbList\",\"@id\":\"https:\/\/dev.welocalize.com\/es\/contacto\/#breadcrumb\",\"itemListElement\":[{\"@type\":\"ListItem\",\"position\":1,\"name\":\"Home\",\"item\":\"https:\/\/dev.welocalize.com\/es\/\"},{\"@type\":\"ListItem\",\"position\":2,\"name\":\"Contacto\"}]},{\"@type\":\"WebSite\",\"@id\":\"https:\/\/dev.welocalize.com\/es\/#website\",\"url\":\"https:\/\/dev.welocalize.com\/es\/\",\"name\":\"Welocalize\",\"description\":\"\",\"potentialAction\":[{\"@type\":\"SearchAction\",\"target\":{\"@type\":\"EntryPoint\",\"urlTemplate\":\"https:\/\/dev.welocalize.com\/es\/?s={search_term_string}\"},\"query-input\":{\"@type\":\"PropertyValueSpecification\",\"valueRequired\":true,\"valueName\":\"search_term_string\"}}],\"inLanguage\":\"es\"}]}<\/script>\n<!-- \/ Yoast SEO Premium plugin. -->","yoast_head_json":{"title":"Comun\u00edquese con Welocalize y acelere el camino de su empresa en el comercio internacional","description":"P\u00f3ngase en contacto con Welocalize si necesita m\u00e1s informaci\u00f3n sobre nuestras soluciones ling\u00fc\u00edsticas para acelerar su camino en el comercio internacional, explorar c\u00f3mo trabajar con nosotros como agencia de traducci\u00f3n y descubrir las vacantes disponibles.","robots":{"index":"noindex","follow":"follow"},"og_locale":"es_ES","og_type":"article","og_title":"Contacto","og_description":"P\u00f3ngase en contacto con Welocalize si necesita m\u00e1s informaci\u00f3n sobre nuestras soluciones ling\u00fc\u00edsticas para acelerar su camino en el comercio internacional, explorar c\u00f3mo trabajar con nosotros como agencia de traducci\u00f3n y descubrir las vacantes disponibles.","og_url":"https:\/\/dev.welocalize.com\/es\/contacto\/","og_site_name":"Welocalize","article_publisher":"https:\/\/www.facebook.com\/Welocalize\/","article_modified_time":"2020-04-23T17:09:18+00:00","twitter_card":"summary_large_image","twitter_site":"@Welocalize","schema":{"@context":"https:\/\/schema.org","@graph":[{"@type":"WebPage","@id":"https:\/\/dev.welocalize.com\/es\/contacto\/","url":"https:\/\/dev.welocalize.com\/es\/contacto\/","name":"Comun\u00edquese con Welocalize y acelere el camino de su empresa en el comercio internacional","isPartOf":{"@id":"https:\/\/dev.welocalize.com\/es\/#website"},"datePublished":"2018-04-19T01:40:26+00:00","dateModified":"2020-04-23T17:09:18+00:00","description":"P\u00f3ngase en contacto con Welocalize si necesita m\u00e1s informaci\u00f3n sobre nuestras soluciones ling\u00fc\u00edsticas para acelerar su camino en el comercio internacional, explorar c\u00f3mo trabajar con nosotros como agencia de traducci\u00f3n y descubrir las vacantes disponibles.","breadcrumb":{"@id":"https:\/\/dev.welocalize.com\/es\/contacto\/#breadcrumb"},"inLanguage":"es","potentialAction":[{"@type":"ReadAction","target":["https:\/\/dev.welocalize.com\/es\/contacto\/"]}]},{"@type":"BreadcrumbList","@id":"https:\/\/dev.welocalize.com\/es\/contacto\/#breadcrumb","itemListElement":[{"@type":"ListItem","position":1,"name":"Home","item":"https:\/\/dev.welocalize.com\/es\/"},{"@type":"ListItem","position":2,"name":"Contacto"}]},{"@type":"WebSite","@id":"https:\/\/dev.welocalize.com\/es\/#website","url":"https:\/\/dev.welocalize.com\/es\/","name":"Welocalize","description":"","potentialAction":[{"@type":"SearchAction","target":{"@type":"EntryPoint","urlTemplate":"https:\/\/dev.welocalize.com\/es\/?s={search_term_string}"},"query-input":{"@type":"PropertyValueSpecification","valueRequired":true,"valueName":"search_term_string"}}],"inLanguage":"es"}]}},"_links":{"self":[{"href":"https:\/\/dev.welocalize.com\/es\/wp-json\/wp\/v2\/pages\/2375","targetHints":{"allow":["GET"]}}],"collection":[{"href":"https:\/\/dev.welocalize.com\/es\/wp-json\/wp\/v2\/pages"}],"about":[{"href":"https:\/\/dev.welocalize.com\/es\/wp-json\/wp\/v2\/types\/page"}],"author":[{"embeddable":true,"href":"https:\/\/dev.welocalize.com\/es\/wp-json\/wp\/v2\/users\/2"}],"replies":[{"embeddable":true,"href":"https:\/\/dev.welocalize.com\/es\/wp-json\/wp\/v2\/comments?post=2375"}],"version-history":[{"count":10,"href":"https:\/\/dev.welocalize.com\/es\/wp-json\/wp\/v2\/pages\/2375\/revisions"}],"predecessor-version":[{"id":10952,"href":"https:\/\/dev.welocalize.com\/es\/wp-json\/wp\/v2\/pages\/2375\/revisions\/10952"}],"wp:attachment":[{"href":"https:\/\/dev.welocalize.com\/es\/wp-json\/wp\/v2\/media?parent=2375"}],"curies":[{"name":"wp","href":"https:\/\/api.w.org\/{rel}","templated":true}]}}