{"id":2204,"date":"2018-04-09T21:55:12","date_gmt":"2018-04-09T21:55:12","guid":{"rendered":"https:\/\/dev.welocalize.com\/ubicacion-de-las-sedes\/"},"modified":"2021-08-26T08:33:13","modified_gmt":"2021-08-26T08:33:13","slug":"ubicacion-de-las-sedes","status":"publish","type":"page","link":"https:\/\/dev.welocalize.com\/es\/nuestra-empresa\/ubicacion-de-las-sedes\/","title":{"rendered":"Ubicaci\u00f3n de las sedes"},"content":{"rendered":"","protected":false},"excerpt":{"rendered":"","protected":false},"author":2,"featured_media":0,"parent":2374,"menu_order":4,"comment_status":"closed","ping_status":"closed","template":"page-templates\/content-module.php","meta":{"footnotes":""},"class_list":["post-2204","page","type-page","status-publish","hentry"],"acf":[],"yoast_head":"<!-- This site is optimized with the Yoast SEO Premium plugin v19.0.1 (Yoast SEO v24.3) - https:\/\/yoast.com\/wordpress\/plugins\/seo\/ -->\n<title>Ubicaci\u00f3n de las sedes de Welocalize en todo el mundo e informaci\u00f3n sobre ellas<\/title>\n<meta name=\"description\" content=\"Welocalize tiene oficinas en Norteam\u00e9rica, Europa y Asia. Nuestras oficinas centrales est\u00e1n en Nueva York, NY (Estados Unidos). La informaci\u00f3n sobre la ubicaci\u00f3n de las sedes se encuentra a continuaci\u00f3n.\" \/>\n<meta name=\"robots\" content=\"noindex, follow\" \/>\n<meta property=\"og:locale\" content=\"es_ES\" \/>\n<meta property=\"og:type\" content=\"article\" \/>\n<meta property=\"og:title\" content=\"Ubicaci\u00f3n de las sedes\" \/>\n<meta property=\"og:description\" content=\"Welocalize tiene oficinas en Norteam\u00e9rica, Europa y Asia. Nuestras oficinas centrales est\u00e1n en Nueva York, NY (Estados Unidos). La informaci\u00f3n sobre la ubicaci\u00f3n de las sedes se encuentra a continuaci\u00f3n.\" \/>\n<meta property=\"og:url\" content=\"https:\/\/dev.welocalize.com\/es\/nuestra-empresa\/ubicacion-de-las-sedes\/\" \/>\n<meta property=\"og:site_name\" content=\"Welocalize\" \/>\n<meta property=\"article:publisher\" content=\"https:\/\/www.facebook.com\/Welocalize\/\" \/>\n<meta property=\"article:modified_time\" content=\"2021-08-26T08:33:13+00:00\" \/>\n<meta name=\"twitter:card\" content=\"summary_large_image\" \/>\n<meta name=\"twitter:site\" content=\"@Welocalize\" \/>\n<script type=\"application\/ld+json\" class=\"yoast-schema-graph\">{\"@context\":\"https:\/\/schema.org\",\"@graph\":[{\"@type\":\"WebPage\",\"@id\":\"https:\/\/dev.welocalize.com\/es\/nuestra-empresa\/ubicacion-de-las-sedes\/\",\"url\":\"https:\/\/dev.welocalize.com\/es\/nuestra-empresa\/ubicacion-de-las-sedes\/\",\"name\":\"Ubicaci\u00f3n de las sedes de Welocalize en todo el mundo e informaci\u00f3n sobre ellas\",\"isPartOf\":{\"@id\":\"https:\/\/dev.welocalize.com\/es\/#website\"},\"datePublished\":\"2018-04-09T21:55:12+00:00\",\"dateModified\":\"2021-08-26T08:33:13+00:00\",\"description\":\"Welocalize tiene oficinas en Norteam\u00e9rica, Europa y Asia. Nuestras oficinas centrales est\u00e1n en Nueva York, NY (Estados Unidos). La informaci\u00f3n sobre la ubicaci\u00f3n de las sedes se encuentra a continuaci\u00f3n.\",\"breadcrumb\":{\"@id\":\"https:\/\/dev.welocalize.com\/es\/nuestra-empresa\/ubicacion-de-las-sedes\/#breadcrumb\"},\"inLanguage\":\"es\",\"potentialAction\":[{\"@type\":\"ReadAction\",\"target\":[\"https:\/\/dev.welocalize.com\/es\/nuestra-empresa\/ubicacion-de-las-sedes\/\"]}]},{\"@type\":\"BreadcrumbList\",\"@id\":\"https:\/\/dev.welocalize.com\/es\/nuestra-empresa\/ubicacion-de-las-sedes\/#breadcrumb\",\"itemListElement\":[{\"@type\":\"ListItem\",\"position\":1,\"name\":\"Home\",\"item\":\"https:\/\/dev.welocalize.com\/es\/\"},{\"@type\":\"ListItem\",\"position\":2,\"name\":\"Nuestra empresa\",\"item\":\"https:\/\/dev.welocalize.com\/es\/nuestra-empresa\/\"},{\"@type\":\"ListItem\",\"position\":3,\"name\":\"Ubicaci\u00f3n de las sedes\"}]},{\"@type\":\"WebSite\",\"@id\":\"https:\/\/dev.welocalize.com\/es\/#website\",\"url\":\"https:\/\/dev.welocalize.com\/es\/\",\"name\":\"Welocalize\",\"description\":\"\",\"potentialAction\":[{\"@type\":\"SearchAction\",\"target\":{\"@type\":\"EntryPoint\",\"urlTemplate\":\"https:\/\/dev.welocalize.com\/es\/?s={search_term_string}\"},\"query-input\":{\"@type\":\"PropertyValueSpecification\",\"valueRequired\":true,\"valueName\":\"search_term_string\"}}],\"inLanguage\":\"es\"}]}<\/script>\n<!-- \/ Yoast SEO Premium plugin. -->","yoast_head_json":{"title":"Ubicaci\u00f3n de las sedes de Welocalize en todo el mundo e informaci\u00f3n sobre ellas","description":"Welocalize tiene oficinas en Norteam\u00e9rica, Europa y Asia. Nuestras oficinas centrales est\u00e1n en Nueva York, NY (Estados Unidos). La informaci\u00f3n sobre la ubicaci\u00f3n de las sedes se encuentra a continuaci\u00f3n.","robots":{"index":"noindex","follow":"follow"},"og_locale":"es_ES","og_type":"article","og_title":"Ubicaci\u00f3n de las sedes","og_description":"Welocalize tiene oficinas en Norteam\u00e9rica, Europa y Asia. Nuestras oficinas centrales est\u00e1n en Nueva York, NY (Estados Unidos). La informaci\u00f3n sobre la ubicaci\u00f3n de las sedes se encuentra a continuaci\u00f3n.","og_url":"https:\/\/dev.welocalize.com\/es\/nuestra-empresa\/ubicacion-de-las-sedes\/","og_site_name":"Welocalize","article_publisher":"https:\/\/www.facebook.com\/Welocalize\/","article_modified_time":"2021-08-26T08:33:13+00:00","twitter_card":"summary_large_image","twitter_site":"@Welocalize","schema":{"@context":"https:\/\/schema.org","@graph":[{"@type":"WebPage","@id":"https:\/\/dev.welocalize.com\/es\/nuestra-empresa\/ubicacion-de-las-sedes\/","url":"https:\/\/dev.welocalize.com\/es\/nuestra-empresa\/ubicacion-de-las-sedes\/","name":"Ubicaci\u00f3n de las sedes de Welocalize en todo el mundo e informaci\u00f3n sobre ellas","isPartOf":{"@id":"https:\/\/dev.welocalize.com\/es\/#website"},"datePublished":"2018-04-09T21:55:12+00:00","dateModified":"2021-08-26T08:33:13+00:00","description":"Welocalize tiene oficinas en Norteam\u00e9rica, Europa y Asia. Nuestras oficinas centrales est\u00e1n en Nueva York, NY (Estados Unidos). La informaci\u00f3n sobre la ubicaci\u00f3n de las sedes se encuentra a continuaci\u00f3n.","breadcrumb":{"@id":"https:\/\/dev.welocalize.com\/es\/nuestra-empresa\/ubicacion-de-las-sedes\/#breadcrumb"},"inLanguage":"es","potentialAction":[{"@type":"ReadAction","target":["https:\/\/dev.welocalize.com\/es\/nuestra-empresa\/ubicacion-de-las-sedes\/"]}]},{"@type":"BreadcrumbList","@id":"https:\/\/dev.welocalize.com\/es\/nuestra-empresa\/ubicacion-de-las-sedes\/#breadcrumb","itemListElement":[{"@type":"ListItem","position":1,"name":"Home","item":"https:\/\/dev.welocalize.com\/es\/"},{"@type":"ListItem","position":2,"name":"Nuestra empresa","item":"https:\/\/dev.welocalize.com\/es\/nuestra-empresa\/"},{"@type":"ListItem","position":3,"name":"Ubicaci\u00f3n de las sedes"}]},{"@type":"WebSite","@id":"https:\/\/dev.welocalize.com\/es\/#website","url":"https:\/\/dev.welocalize.com\/es\/","name":"Welocalize","description":"","potentialAction":[{"@type":"SearchAction","target":{"@type":"EntryPoint","urlTemplate":"https:\/\/dev.welocalize.com\/es\/?s={search_term_string}"},"query-input":{"@type":"PropertyValueSpecification","valueRequired":true,"valueName":"search_term_string"}}],"inLanguage":"es"}]}},"_links":{"self":[{"href":"https:\/\/dev.welocalize.com\/es\/wp-json\/wp\/v2\/pages\/2204","targetHints":{"allow":["GET"]}}],"collection":[{"href":"https:\/\/dev.welocalize.com\/es\/wp-json\/wp\/v2\/pages"}],"about":[{"href":"https:\/\/dev.welocalize.com\/es\/wp-json\/wp\/v2\/types\/page"}],"author":[{"embeddable":true,"href":"https:\/\/dev.welocalize.com\/es\/wp-json\/wp\/v2\/users\/2"}],"replies":[{"embeddable":true,"href":"https:\/\/dev.welocalize.com\/es\/wp-json\/wp\/v2\/comments?post=2204"}],"version-history":[{"count":18,"href":"https:\/\/dev.welocalize.com\/es\/wp-json\/wp\/v2\/pages\/2204\/revisions"}],"predecessor-version":[{"id":30226,"href":"https:\/\/dev.welocalize.com\/es\/wp-json\/wp\/v2\/pages\/2204\/revisions\/30226"}],"up":[{"embeddable":true,"href":"https:\/\/dev.welocalize.com\/es\/wp-json\/wp\/v2\/pages\/2374"}],"wp:attachment":[{"href":"https:\/\/dev.welocalize.com\/es\/wp-json\/wp\/v2\/media?parent=2204"}],"curies":[{"name":"wp","href":"https:\/\/api.w.org\/{rel}","templated":true}]}}