{"id":2200,"date":"2018-04-09T21:50:49","date_gmt":"2018-04-09T21:50:49","guid":{"rendered":"https:\/\/dev.welocalize.com\/trabajo-comunidad-de-talento\/"},"modified":"2020-04-24T01:47:44","modified_gmt":"2020-04-24T01:47:44","slug":"trabajo-comunidad-de-talento","status":"publish","type":"page","link":"https:\/\/dev.welocalize.com\/es\/nuestra-empresa\/trabajo-comunidad-de-talento\/","title":{"rendered":"Trabajo + Comunidad de talentos"},"content":{"rendered":"","protected":false},"excerpt":{"rendered":"","protected":false},"author":2,"featured_media":0,"parent":2374,"menu_order":3,"comment_status":"closed","ping_status":"closed","template":"page-templates\/content-module.php","meta":{"footnotes":""},"class_list":["post-2200","page","type-page","status-publish","hentry"],"acf":[],"yoast_head":"<!-- This site is optimized with the Yoast SEO Premium plugin v19.0.1 (Yoast SEO v24.3) - https:\/\/yoast.com\/wordpress\/plugins\/seo\/ -->\n<title>Conozca las oportunidades de trabajo y la comunidad de talentos de Welocalize<\/title>\n<meta name=\"description\" content=\"La misi\u00f3n de Welocalize es apoyar a los miembros de nuestro equipo para que alcancen su potencial personal y profesional, crear una empresa impresionantemente buena y ser conocidos como la marca m\u00e1s respetada, fiable y con la que es m\u00e1s f\u00e1cil trabajar de todo el sector. Desarrolle hoy mismo su carrera profesional con Welocalize.\" \/>\n<meta name=\"robots\" content=\"noindex, follow\" \/>\n<meta property=\"og:locale\" content=\"es_ES\" \/>\n<meta property=\"og:type\" content=\"article\" \/>\n<meta property=\"og:title\" content=\"Trabajo + Comunidad de talentos\" \/>\n<meta property=\"og:description\" content=\"La misi\u00f3n de Welocalize es apoyar a los miembros de nuestro equipo para que alcancen su potencial personal y profesional, crear una empresa impresionantemente buena y ser conocidos como la marca m\u00e1s respetada, fiable y con la que es m\u00e1s f\u00e1cil trabajar de todo el sector. Desarrolle hoy mismo su carrera profesional con Welocalize.\" \/>\n<meta property=\"og:url\" content=\"https:\/\/dev.welocalize.com\/es\/nuestra-empresa\/trabajo-comunidad-de-talento\/\" \/>\n<meta property=\"og:site_name\" content=\"Welocalize\" \/>\n<meta property=\"article:publisher\" content=\"https:\/\/www.facebook.com\/Welocalize\/\" \/>\n<meta property=\"article:modified_time\" content=\"2020-04-24T01:47:44+00:00\" \/>\n<meta name=\"twitter:card\" content=\"summary_large_image\" \/>\n<meta name=\"twitter:site\" content=\"@Welocalize\" \/>\n<script type=\"application\/ld+json\" class=\"yoast-schema-graph\">{\"@context\":\"https:\/\/schema.org\",\"@graph\":[{\"@type\":\"WebPage\",\"@id\":\"https:\/\/dev.welocalize.com\/es\/nuestra-empresa\/trabajo-comunidad-de-talento\/\",\"url\":\"https:\/\/dev.welocalize.com\/es\/nuestra-empresa\/trabajo-comunidad-de-talento\/\",\"name\":\"Conozca las oportunidades de trabajo y la comunidad de talentos de Welocalize\",\"isPartOf\":{\"@id\":\"https:\/\/dev.welocalize.com\/es\/#website\"},\"datePublished\":\"2018-04-09T21:50:49+00:00\",\"dateModified\":\"2020-04-24T01:47:44+00:00\",\"description\":\"La misi\u00f3n de Welocalize es apoyar a los miembros de nuestro equipo para que alcancen su potencial personal y profesional, crear una empresa impresionantemente buena y ser conocidos como la marca m\u00e1s respetada, fiable y con la que es m\u00e1s f\u00e1cil trabajar de todo el sector. Desarrolle hoy mismo su carrera profesional con Welocalize.\",\"breadcrumb\":{\"@id\":\"https:\/\/dev.welocalize.com\/es\/nuestra-empresa\/trabajo-comunidad-de-talento\/#breadcrumb\"},\"inLanguage\":\"es\",\"potentialAction\":[{\"@type\":\"ReadAction\",\"target\":[\"https:\/\/dev.welocalize.com\/es\/nuestra-empresa\/trabajo-comunidad-de-talento\/\"]}]},{\"@type\":\"BreadcrumbList\",\"@id\":\"https:\/\/dev.welocalize.com\/es\/nuestra-empresa\/trabajo-comunidad-de-talento\/#breadcrumb\",\"itemListElement\":[{\"@type\":\"ListItem\",\"position\":1,\"name\":\"Home\",\"item\":\"https:\/\/dev.welocalize.com\/es\/\"},{\"@type\":\"ListItem\",\"position\":2,\"name\":\"Nuestra empresa\",\"item\":\"https:\/\/dev.welocalize.com\/es\/nuestra-empresa\/\"},{\"@type\":\"ListItem\",\"position\":3,\"name\":\"Trabajo + Comunidad de talentos\"}]},{\"@type\":\"WebSite\",\"@id\":\"https:\/\/dev.welocalize.com\/es\/#website\",\"url\":\"https:\/\/dev.welocalize.com\/es\/\",\"name\":\"Welocalize\",\"description\":\"\",\"potentialAction\":[{\"@type\":\"SearchAction\",\"target\":{\"@type\":\"EntryPoint\",\"urlTemplate\":\"https:\/\/dev.welocalize.com\/es\/?s={search_term_string}\"},\"query-input\":{\"@type\":\"PropertyValueSpecification\",\"valueRequired\":true,\"valueName\":\"search_term_string\"}}],\"inLanguage\":\"es\"}]}<\/script>\n<!-- \/ Yoast SEO Premium plugin. -->","yoast_head_json":{"title":"Conozca las oportunidades de trabajo y la comunidad de talentos de Welocalize","description":"La misi\u00f3n de Welocalize es apoyar a los miembros de nuestro equipo para que alcancen su potencial personal y profesional, crear una empresa impresionantemente buena y ser conocidos como la marca m\u00e1s respetada, fiable y con la que es m\u00e1s f\u00e1cil trabajar de todo el sector. Desarrolle hoy mismo su carrera profesional con Welocalize.","robots":{"index":"noindex","follow":"follow"},"og_locale":"es_ES","og_type":"article","og_title":"Trabajo + Comunidad de talentos","og_description":"La misi\u00f3n de Welocalize es apoyar a los miembros de nuestro equipo para que alcancen su potencial personal y profesional, crear una empresa impresionantemente buena y ser conocidos como la marca m\u00e1s respetada, fiable y con la que es m\u00e1s f\u00e1cil trabajar de todo el sector. Desarrolle hoy mismo su carrera profesional con Welocalize.","og_url":"https:\/\/dev.welocalize.com\/es\/nuestra-empresa\/trabajo-comunidad-de-talento\/","og_site_name":"Welocalize","article_publisher":"https:\/\/www.facebook.com\/Welocalize\/","article_modified_time":"2020-04-24T01:47:44+00:00","twitter_card":"summary_large_image","twitter_site":"@Welocalize","schema":{"@context":"https:\/\/schema.org","@graph":[{"@type":"WebPage","@id":"https:\/\/dev.welocalize.com\/es\/nuestra-empresa\/trabajo-comunidad-de-talento\/","url":"https:\/\/dev.welocalize.com\/es\/nuestra-empresa\/trabajo-comunidad-de-talento\/","name":"Conozca las oportunidades de trabajo y la comunidad de talentos de Welocalize","isPartOf":{"@id":"https:\/\/dev.welocalize.com\/es\/#website"},"datePublished":"2018-04-09T21:50:49+00:00","dateModified":"2020-04-24T01:47:44+00:00","description":"La misi\u00f3n de Welocalize es apoyar a los miembros de nuestro equipo para que alcancen su potencial personal y profesional, crear una empresa impresionantemente buena y ser conocidos como la marca m\u00e1s respetada, fiable y con la que es m\u00e1s f\u00e1cil trabajar de todo el sector. Desarrolle hoy mismo su carrera profesional con Welocalize.","breadcrumb":{"@id":"https:\/\/dev.welocalize.com\/es\/nuestra-empresa\/trabajo-comunidad-de-talento\/#breadcrumb"},"inLanguage":"es","potentialAction":[{"@type":"ReadAction","target":["https:\/\/dev.welocalize.com\/es\/nuestra-empresa\/trabajo-comunidad-de-talento\/"]}]},{"@type":"BreadcrumbList","@id":"https:\/\/dev.welocalize.com\/es\/nuestra-empresa\/trabajo-comunidad-de-talento\/#breadcrumb","itemListElement":[{"@type":"ListItem","position":1,"name":"Home","item":"https:\/\/dev.welocalize.com\/es\/"},{"@type":"ListItem","position":2,"name":"Nuestra empresa","item":"https:\/\/dev.welocalize.com\/es\/nuestra-empresa\/"},{"@type":"ListItem","position":3,"name":"Trabajo + Comunidad de talentos"}]},{"@type":"WebSite","@id":"https:\/\/dev.welocalize.com\/es\/#website","url":"https:\/\/dev.welocalize.com\/es\/","name":"Welocalize","description":"","potentialAction":[{"@type":"SearchAction","target":{"@type":"EntryPoint","urlTemplate":"https:\/\/dev.welocalize.com\/es\/?s={search_term_string}"},"query-input":{"@type":"PropertyValueSpecification","valueRequired":true,"valueName":"search_term_string"}}],"inLanguage":"es"}]}},"_links":{"self":[{"href":"https:\/\/dev.welocalize.com\/es\/wp-json\/wp\/v2\/pages\/2200","targetHints":{"allow":["GET"]}}],"collection":[{"href":"https:\/\/dev.welocalize.com\/es\/wp-json\/wp\/v2\/pages"}],"about":[{"href":"https:\/\/dev.welocalize.com\/es\/wp-json\/wp\/v2\/types\/page"}],"author":[{"embeddable":true,"href":"https:\/\/dev.welocalize.com\/es\/wp-json\/wp\/v2\/users\/2"}],"replies":[{"embeddable":true,"href":"https:\/\/dev.welocalize.com\/es\/wp-json\/wp\/v2\/comments?post=2200"}],"version-history":[{"count":5,"href":"https:\/\/dev.welocalize.com\/es\/wp-json\/wp\/v2\/pages\/2200\/revisions"}],"predecessor-version":[{"id":8308,"href":"https:\/\/dev.welocalize.com\/es\/wp-json\/wp\/v2\/pages\/2200\/revisions\/8308"}],"up":[{"embeddable":true,"href":"https:\/\/dev.welocalize.com\/es\/wp-json\/wp\/v2\/pages\/2374"}],"wp:attachment":[{"href":"https:\/\/dev.welocalize.com\/es\/wp-json\/wp\/v2\/media?parent=2200"}],"curies":[{"name":"wp","href":"https:\/\/api.w.org\/{rel}","templated":true}]}}